{"id":282,"date":"2012-10-07T10:03:12","date_gmt":"2012-10-07T10:03:12","guid":{"rendered":"http:\/\/www.evastudiorum.com\/wordpress\/?page_id=282"},"modified":"2015-11-01T16:53:25","modified_gmt":"2015-11-01T16:53:25","slug":"uritused","status":"publish","type":"page","link":"http:\/\/evastudiorum.com\/wordpress\/ru\/uritused\/","title":{"rendered":"\u041c\u0435\u0440\u043e\u043f\u0440\u0438\u044f\u0442\u0438\u044f"},"content":{"rendered":"<table style=\"height: 5784px;\" width=\"913\" cellspacing=\"0\" cellpadding=\"0\">\n<tbody>\n<tr>\n<td valign=\"bottom\"><span style=\"color: #000000; font-family: Arial; font-size: medium;\"><b>EVA-Studiorum<\/b><\/span><\/td>\n<td valign=\"bottom\"><span style=\"color: #000000; font-family: Arial; font-size: medium;\"><b>tegevuse kava 2015 aastal<\/b><\/span><\/td>\n<\/tr>\n<tr>\n<td valign=\"bottom\"><\/td>\n<td valign=\"bottom\"><\/td>\n<\/tr>\n<tr>\n<td valign=\"bottom\">\n<p align=\"center\"><span style=\"color: #000000; font-family: Arial; font-size: medium;\"><b>Tegevuse toimumise koht ja aeg<\/b><\/span><\/p>\n<\/td>\n<td valign=\"middle\">\n<p align=\"center\"><span style=\"color: #000000; font-family: Arial; font-size: medium;\"><b>\u00dcritused<\/b><\/span><\/p>\n<\/td>\n<\/tr>\n<tr>\n<td valign=\"bottom\"><span style=\"color: #000000; font-family: Arial; font-size: medium;\"><b>Jaanuar<\/b><\/span><\/td>\n<td valign=\"middle\"><\/td>\n<\/tr>\n<tr>\n<td valign=\"top\"><span style=\"color: #000000; font-family: Arial; font-size: medium;\">1\/5\/15<\/span><\/td>\n<td valign=\"middle\"><span style=\"color: #000000; font-family: Arial; font-size: medium;\">Rahvusvahelise konkursi &#171;Muinasjutuline Valgevene&#187; v\u00e4ljakuulutamine<\/span><\/td>\n<\/tr>\n<tr>\n<td valign=\"top\"><span style=\"color: #000000; font-family: Arial; font-size: medium;\">1\/17\/15<\/span><\/td>\n<td valign=\"middle\"><span style=\"color: #000000; font-family: Arial; font-size: medium;\">\u00dchingu koosolek -plaanide arutamine 2015.aastaks<\/span><\/td>\n<\/tr>\n<tr>\n<td valign=\"bottom\"><span style=\"color: #000000; font-family: Arial; font-size: medium;\">22.01.2015 \u0411\u0435\u043b\u043e\u0440\u0443\u0441\u0441\u043a\u043e\u0435 \u041f\u043e\u0441\u043e\u043b\u044c\u0441\u0442\u0432\u043e \u0432 \u0422\u0430\u043b\u043b\u0438\u043d\u043d\u0435<\/span><\/td>\n<td valign=\"middle\"><span style=\"color: #000000; font-family: Arial; font-size: medium;\">\u00dcmarlaud<\/span><\/td>\n<\/tr>\n<tr>\n<td valign=\"top\"><span style=\"color: #000000; font-family: Arial; font-size: medium;\">1-31.01.2015<\/span><\/td>\n<td valign=\"bottom\"><span style=\"color: #000000; font-family: Arial; font-size: medium;\">Osalemine<span class=\"Apple-converted-space\">\u00a0 <\/span>konkursil &#171;Kultuur&#187; (korraldaja Valgevene Kultuuri Ministeerium), materjalide esitamine<\/span><\/td>\n<\/tr>\n<tr>\n<td valign=\"bottom\"><span style=\"color: #000000; font-family: Arial; font-size: medium;\"><b>Veebruar<\/b><\/span><\/td>\n<td valign=\"middle\"><\/td>\n<\/tr>\n<tr>\n<td valign=\"top\"><span style=\"color: #000000; font-family: Arial; font-size: medium;\">2\/10\/15<\/span><\/td>\n<td valign=\"top\"><span style=\"color: #000000; font-family: Arial; font-size: medium;\">Valgevene Vastlap\u00e4ev pannkookidega.<span class=\"Apple-converted-space\">\u00a0 <\/span>\u00dchendada erineva rahvusega noori \u00fchestegevuses, traditsioonide tutvustamine <\/span><\/td>\n<\/tr>\n<tr>\n<td valign=\"top\"><span style=\"color: #000000; font-family: Arial; font-size: medium;\">2\/16\/15<\/span><\/td>\n<td valign=\"bottom\"><span style=\"color: #000000; font-family: Arial; font-size: medium;\">\u00d5pituba &#8212; Kingitused s\u00f5bradele. <\/span><\/td>\n<\/tr>\n<tr>\n<td valign=\"top\"><span style=\"color: #000000; font-family: Arial; font-size: medium;\">26 &#8212; 28.02.2015<\/span><\/td>\n<td valign=\"bottom\"><span style=\"color: #000000; font-family: Arial; font-size: medium;\">Eesti kultuurip\u00e4evade korraldamine ja l\u00e4biviimine Tveris Venemaal. Kontsert Kultuuri kolled\u017eis<\/span><\/td>\n<\/tr>\n<tr>\n<td valign=\"top\"><span style=\"color: #000000; font-family: Arial; font-size: medium;\">2\/27\/15<\/span><\/td>\n<td valign=\"bottom\"><span style=\"color: #000000; font-family: Arial; font-size: medium;\">K.P\u00e4tsile m\u00e4lestuskivi avamine Bura\u0161evos, Tveri oblastis. Kohtumine Vene Saatkonda Moskvas kultuuri atta\u0161eega<\/span><\/td>\n<\/tr>\n<tr>\n<td valign=\"top\"><span style=\"color: #000000; font-family: Arial; font-size: medium;\">2\/28\/15<\/span><\/td>\n<td valign=\"top\"><span style=\"color: #000000; font-family: Arial; font-size: medium;\">Bura\u0161evo ja Jezvini koolidega s\u00f5pruslepingute allakirjutamine. Eesti kultuurip\u00e4ev Bura\u0161evos.<\/span><\/td>\n<\/tr>\n<tr>\n<td valign=\"bottom\"><span style=\"color: #000000; font-family: Arial; font-size: medium;\"><b>M\u00e4rts<\/b><\/span><\/td>\n<td valign=\"bottom\"><\/td>\n<\/tr>\n<tr>\n<td valign=\"top\"><span style=\"color: #000000; font-family: Arial; font-size: medium;\">3\/1\/15<\/span><\/td>\n<td valign=\"bottom\"><span style=\"color: #000000; font-family: Arial; font-size: medium;\">Eesti kultuurip\u00e4evade korraldamine ja l\u00e4biviimine Tveris Venemaal. Kohtumine Tveri Eesti Seltsiga &#171;P\u00e4\u00e4suke&#187; <\/span><\/td>\n<\/tr>\n<tr>\n<td valign=\"top\"><span style=\"color: #000000; font-family: Arial; font-size: medium;\">3\/5\/15<\/span><\/td>\n<td valign=\"middle\"><span style=\"color: #000000; font-family: Arial; font-size: medium;\">Naistep\u00e4eva eri &#8212; valgevene rahvustoit.<span class=\"Apple-converted-space\">\u00a0 <\/span>\u00d5pituba<\/span><\/td>\n<\/tr>\n<tr>\n<td valign=\"top\"><span style=\"color: #000000; font-family: Arial; font-size: medium;\">3\/8\/15<\/span><\/td>\n<td valign=\"middle\"><span style=\"color: #000000; font-family: Arial; font-size: medium;\">Naistep\u00e4ev<span class=\"Apple-converted-space\">\u00a0 <\/span>&#8212; &#171;Valgevene naised on meistrid&#187;<\/span><\/td>\n<\/tr>\n<tr>\n<td valign=\"top\"><span style=\"color: #000000; font-family: Arial; font-size: medium;\">15.03.2015 <span class=\"Apple-converted-space\">\u00a0 \u00a0 \u00a0 \u00a0 <\/span>Keila-Joal<\/span><\/td>\n<td valign=\"bottom\"><span style=\"color: #000000; font-family: Arial; font-size: medium;\">\u00dchingu koosolek &#8212; valgevene delegatsiooni vastuv\u00f5tt<span class=\"Apple-converted-space\">\u00a0 <\/span>aprillis<\/span><\/td>\n<\/tr>\n<tr>\n<td valign=\"top\"><span style=\"color: #000000; font-family: Arial; font-size: medium;\">20-30.03.2015<\/span><\/td>\n<td valign=\"bottom\"><span style=\"color: #000000; font-family: Arial; font-size: medium;\">Konkursi &#171;Muinasjutuline Valgevene&#187; \u017e\u00fcrii t\u00f6\u00f6tamine <\/span><\/td>\n<\/tr>\n<tr>\n<td valign=\"top\"><span style=\"color: #000000; font-family: Arial; font-size: medium;\">25.03.2013<span class=\"Apple-converted-space\">\u00a0 \u00a0 <\/span>Harku vald, Tabasalu<\/span><\/td>\n<td valign=\"middle\"><span style=\"color: #000000; font-family: Arial; font-size: medium;\">Osalemine Harku valla loovt\u00f6\u00f6konkursil \u201eKelleks tahan saada\u201c<\/span><\/td>\n<\/tr>\n<tr>\n<td valign=\"top\"><span style=\"color: #000000; font-family: Arial; font-size: medium;\">Kuu jooksul<span class=\"Apple-converted-space\">\u00a0 \u00a0 \u00a0 <\/span>Novo-Uralski linn, Sverdlovski oblast, Venemaa<\/span><\/td>\n<td valign=\"middle\"><span style=\"color: #000000; font-family: Arial; font-size: medium;\">Osalemine rahvusvahelisel joonistus konkursil &#171;\u041b\u0435\u0442\u043e \u0413\u043e\u0441\u043f\u043e\u0434\u043d\u0435&#187; Novouralskis Venemaal.<span class=\"Apple-converted-space\">\u00a0 <\/span>Tutvustada noortele kirjaniku I. \u0160emeljovi loomingut<\/span><\/td>\n<\/tr>\n<tr>\n<td valign=\"bottom\"><span style=\"color: #000000; font-family: Arial; font-size: medium;\"><b>Aprill<\/b><\/span><\/td>\n<td valign=\"bottom\"><\/td>\n<\/tr>\n<tr>\n<td valign=\"top\"><span style=\"color: #000000; font-family: Arial; font-size: medium;\">Kuu jooksul<span class=\"Apple-converted-space\">\u00a0 \u00a0 \u00a0 <\/span>Novo-Uralski linn, Sverdlovski oblast, Venemaa<\/span><\/td>\n<td valign=\"top\"><span style=\"color: #000000; font-family: Arial; font-size: medium;\">Osalemine rahvusvahelisel joonistus konkursil &#171;\u041b\u0435\u0442\u043e \u0413\u043e\u0441\u043f\u043e\u0434\u043d\u0435&#187; Novouralskis Venemaal. <\/span><\/td>\n<\/tr>\n<tr>\n<td valign=\"top\"><span style=\"color: #000000; font-family: Arial; font-size: medium;\">4\/2\/15<\/span><\/td>\n<td valign=\"middle\"><span style=\"color: #000000; font-family: Arial; font-size: medium;\">Rahvuslike meenete valmistamise \u00f5pituba &#8212; kingitused valgevene s\u00f5pradele.<\/span><\/td>\n<\/tr>\n<tr>\n<td valign=\"top\"><span style=\"color: #000000; font-family: Arial; font-size: medium;\">24-26.04.2015<\/span><\/td>\n<td valign=\"middle\"><span style=\"color: #000000; font-family: Arial; font-size: medium;\">Osalemine Rahvusvahelisel Festivalil Minskis &#171;\u0421\u043a\u0440\u044b\u0436\u0430\u0432\u0430\u043d\u043di. Mi\u043d\u0441\u043a&#187; (Kristi P\u00f5ldoja)<\/span><\/td>\n<\/tr>\n<tr>\n<td valign=\"top\"><span style=\"color: #000000; font-family: Arial; font-size: medium;\">25.04 -02.05.2015 <\/span><\/td>\n<td valign=\"top\"><span style=\"color: #000000; font-family: Arial; font-size: medium;\">Valgevene s\u00f5pruskooli delegatsiooni vastuv\u00f5tt \u201e2015 \u2013Muusika aasta Eestis&#187;. Projekti \u201eS\u00f5pruskoolid\u201c raames k\u00fclastab Eestit delegatsioon Valgevene s\u00f5pruskoolist, mille k\u00e4igus toimub tundide k\u00fclastus Tabasalu \u00dchisg\u00fcmnaasiumis, \u00fchine kontsert, ekskursioonid m\u00f6\u00f6da Eestit, Muraste<span class=\"Apple-converted-space\">\u00a0 <\/span>kooli k\u00fclastus. <\/span><\/td>\n<\/tr>\n<tr>\n<td valign=\"bottom\"><span style=\"color: #000000; font-family: Arial; font-size: medium;\">4\/26\/15<\/span><\/td>\n<td valign=\"middle\"><span style=\"color: #000000; font-family: Arial; font-size: medium;\">S\u00f5brad \u00fcheskoos &#8212; \u00fchingu sportlik s\u00fcnnip\u00e4eva t\u00e4histamine<\/span><\/td>\n<\/tr>\n<tr>\n<td valign=\"top\"><span style=\"color: #000000; font-family: Arial; font-size: medium;\">4\/28\/15<\/span><\/td>\n<td valign=\"middle\"><span style=\"color: #000000; font-family: Arial; font-size: medium;\">Eva-Studiorum juhatuse ja Kooli \u21164 direktsiooni koosolek &#8212; mai kuu \u00fcrituste plaani arutelu. Valgevene kultuurip\u00e4eva korraldamine ja l\u00e4biviimine 23.05.2015 Vene Kultuurikeskuses.<\/span><\/td>\n<\/tr>\n<tr>\n<td valign=\"bottom\"><span style=\"color: #000000; font-family: Arial; font-size: medium;\"><b>Mai<\/b><\/span><\/td>\n<td valign=\"bottom\"><\/td>\n<\/tr>\n<tr>\n<td valign=\"bottom\"><span style=\"color: #000000; font-family: Arial; font-size: medium;\">22 &#8212; 25.05.2015 V\u00e4\u00e4nas T\u00e4navotsa talus<\/span><\/td>\n<td valign=\"middle\"><span style=\"color: #000000; font-family: Arial; font-size: medium;\">Valgevene k\u00fclaliste vastuv\u00f6tt (Projekti &#171;S\u00fcpruskoolid&#187; juhid) &#8212; juubeli \u00fcritustel osalemine <\/span><\/td>\n<\/tr>\n<tr>\n<td valign=\"bottom\"><span style=\"color: #000000; font-family: Arial; font-size: medium;\">23.05.2015 Vene Kultuurikeskuses Mere pst 5, Tallinn<\/span><\/td>\n<td valign=\"middle\"><span style=\"color: #000000; font-family: Arial; font-size: medium;\">Valgevene kultuurip\u00e4eva korraldamine ja l\u00e4biviimine <span class=\"Apple-converted-space\">\u00a0 \u00a0 \u00a0 \u00a0 \u00a0 \u00a0 \u00a0 <\/span>EVA &#8212; Studiorumi 10-aastase juubeli t\u00e4histamine<\/span><\/td>\n<\/tr>\n<tr>\n<td valign=\"top\"><span style=\"color: #000000; font-family: Arial; font-size: medium;\">23.05.2015<\/span><\/td>\n<td valign=\"middle\"><span style=\"color: #000000; font-family: Arial; font-size: medium;\">N\u00e4ituse &#171;Muinasjutuline Valgevene&#187; avamine Vene Kultuurikeskuses<\/span><\/td>\n<\/tr>\n<tr>\n<td valign=\"top\"><span style=\"color: #000000; font-family: Arial; font-size: medium;\">23-26.05.2015<\/span><\/td>\n<td valign=\"middle\"><span style=\"color: #000000; font-family: Arial; font-size: medium;\">K\u00fclas ajalehe &#171;Leninskoe znamja&#187; korrespondent Tverist<\/span><\/td>\n<\/tr>\n<tr>\n<td valign=\"top\"><span style=\"color: #000000; font-family: Arial; font-size: medium;\">26.05.2015<\/span><\/td>\n<td valign=\"middle\"><span style=\"color: #000000; font-family: Arial; font-size: medium;\">P\u00e4rnu Kuninga T\u00e4nava p\u00f5hikooli k\u00fclastus.K.P\u00e4tsi nimega seotud kohtade k\u00fclastus<\/span><\/td>\n<\/tr>\n<tr>\n<td valign=\"bottom\"><span style=\"color: #000000; font-family: Arial; font-size: medium;\">31.05.2015 V\u00e4\u00e4nas<\/span><\/td>\n<td valign=\"middle\"><span style=\"color: #000000; font-family: Arial; font-size: medium;\">\u00dchingu koosolek &#8212; suve kuude \u00fcrituste plaani arutelu<\/span><\/td>\n<\/tr>\n<tr>\n<td valign=\"bottom\"><span style=\"color: #000000; font-family: Arial; font-size: medium;\"><b>Juuni<\/b><\/span><\/td>\n<td valign=\"bottom\"><\/td>\n<\/tr>\n<tr>\n<td valign=\"top\"><span style=\"color: #000000; font-family: Arial; font-size: medium;\">11. &#8212; 12.06.2015 <\/span><\/td>\n<td valign=\"middle\"><span style=\"color: #000000; font-family: Arial; font-size: medium;\">L\u00e4ti reis EVA &#8212; Studiorumi liikmetele &#8212; suve p\u00e4evad<\/span><\/td>\n<\/tr>\n<tr>\n<td valign=\"top\"><span style=\"color: #000000; font-family: Arial; font-size: medium;\">25.06.2015<\/span><\/td>\n<td valign=\"middle\"><span style=\"color: #000000; font-family: Arial; font-size: medium;\">N\u00e4itus &#171;Muinasjutuline Valgevene&#187; Kadrioru Lossis<\/span><\/td>\n<\/tr>\n<tr>\n<td valign=\"top\"><span style=\"color: #000000; font-family: Arial; font-size: medium;\">25.06.2015<\/span><\/td>\n<td valign=\"middle\"><span style=\"color: #000000; font-family: Arial; font-size: medium;\">Valgevene Saadiku vastuv\u00f5tt Valgene iseseisvusp\u00e4eva puhul Kadrioru Lossis. Ansambli &#171;\u0414\u0437\u044f\u0443\u0447\u0430\u0442\u044b&#187; esinemine<\/span><\/td>\n<\/tr>\n<tr>\n<td valign=\"top\"><span style=\"color: #000000; font-family: Arial; font-size: medium;\">Kuu jooksul <span class=\"Apple-converted-space\">\u00a0 \u00a0 \u00a0<\/span><\/span><\/td>\n<td valign=\"bottom\"><span style=\"color: #000000; font-family: Arial; font-size: medium;\">Ettevalmistused integratsiooni laagriks<span class=\"Apple-converted-space\">\u00a0 <\/span>&#171;Teekond vabadusele&#187;<\/span><\/td>\n<\/tr>\n<tr>\n<td valign=\"bottom\"><span style=\"color: #000000; font-family: Arial; font-size: medium;\"><b>Juuli<\/b><\/span><\/td>\n<td valign=\"bottom\"><\/td>\n<\/tr>\n<tr>\n<td valign=\"top\"><span style=\"color: #000000; font-family: Arial; font-size: medium;\">6. &#8212; 8. juuli 2015<\/span><\/td>\n<td valign=\"middle\"><span style=\"color: #000000; font-family: Arial; font-size: medium;\">Projekt &#171;Teekond vabadusele&#187; &#8212; Integratsiooni laager eesti ja vene koolide noortele, mille eesm\u00e4rgiks on tutvustada eesti ajalugu ja praktiseerida eesti ja vene keelt<\/span><\/td>\n<\/tr>\n<tr>\n<td valign=\"bottom\"><span style=\"color: #000000; font-family: Arial; font-size: medium;\"><b>\u0410ugust<\/b><\/span><\/td>\n<td valign=\"bottom\"><\/td>\n<\/tr>\n<tr>\n<td valign=\"bottom\"><span style=\"color: #000000; font-family: Arial; font-size: medium;\">1.08.2015<span class=\"Apple-converted-space\">\u00a0 <\/span>V\u00e4\u00e4nas<\/span><\/td>\n<td valign=\"middle\"><span style=\"color: #000000; font-family: Arial; font-size: medium;\">\u00dchingu koosolek &#8212; augusti ja septembri kuu \u00fcrituste plaani arutelu<\/span><\/td>\n<\/tr>\n<tr>\n<td valign=\"top\"><span style=\"color: #000000; font-family: Arial; font-size: medium;\">8\/22\/15<\/span><\/td>\n<td valign=\"top\"><span style=\"color: #000000; font-family: Arial; font-size: medium;\"> Projekt &#171;Tutvu P\u00f5hja-Eesti rannikuga. Keila-Joa&#187;. Traditsiooniline jalgrattamatk m\u00f6\u00f6da P\u00f5hja-Eesti rannikut<\/span><\/td>\n<\/tr>\n<tr>\n<td valign=\"top\"><span style=\"color: #000000; font-family: Arial; font-size: medium;\">8\/25\/15<\/span><\/td>\n<td valign=\"top\"><span style=\"color: #000000; font-family: Arial; font-size: medium;\">Osalemine Augusi pedagoogilises foorumis Minskis (Niina Peerna)<\/span><\/td>\n<\/tr>\n<tr>\n<td valign=\"top\"><span style=\"color: #000000; font-family: Arial; font-size: medium;\">8\/27\/15<\/span><\/td>\n<td valign=\"middle\">\n<p align=\"justify\"><span style=\"color: #000000; font-family: Arial; font-size: medium;\">Osalemine Tsentraln\u00f5i rajooni hariduskonverentsil Minskis (Niina Peerna)<\/span><\/p>\n<\/td>\n<\/tr>\n<tr>\n<td valign=\"top\"><span style=\"color: #000000; font-family: Arial; font-size: medium;\"><b>September<\/b><\/span><\/td>\n<td valign=\"middle\"><\/td>\n<\/tr>\n<tr>\n<td valign=\"top\"><span style=\"color: #000000; font-family: Arial; font-size: medium;\">9\/18\/15<\/span><\/td>\n<td valign=\"middle\">\n<p align=\"justify\"><span style=\"color: #000000; font-family: Arial; font-size: medium;\">Rahvusv\u00e4hemuste p\u00e4eva Eestis raames &#171;Valgevene v\u00e4rvid&#187; &#8212; \u00fcrituse korraldamine ja l\u00e4biviimine Vene Kuituurikeskuses<\/span><\/p>\n<\/td>\n<\/tr>\n<tr>\n<td valign=\"top\"><span style=\"color: #000000; font-family: Arial; font-size: medium;\">9\/25\/15<\/span><\/td>\n<td valign=\"middle\">\n<p align=\"justify\"><span style=\"color: #000000; font-family: Arial; font-size: medium;\">Valgevene folkl\u00f6\u00f6ransambel &#171;\u041a\u0440\u0443\u043fi\u0446\u043ai\u044f \u043c\u0443\u0437\u044b\u043ai&#187; Tabasalu \u00dchisg\u00fcmnaasiumis Rahvusv\u00e4hemuste p\u00e4eva<span class=\"Apple-converted-space\">\u00a0 <\/span>raames (korraldamine)<\/span><\/p>\n<\/td>\n<\/tr>\n<tr>\n<td valign=\"bottom\"><span style=\"color: #000000; font-family: Arial; font-size: medium;\"><b>Oktoober<\/b><\/span><\/td>\n<td valign=\"middle\"><\/td>\n<\/tr>\n<tr>\n<td valign=\"bottom\"><span style=\"color: #000000; font-family: Arial; font-size: medium;\">10\/4\/13<\/span><\/td>\n<td valign=\"middle\"><span style=\"color: #000000; font-family: Arial; font-size: medium;\">\u00dchingu koosolek &#8212; Aastal\u00f5pu \u00fcrituste plaani arutelu<\/span><\/td>\n<\/tr>\n<tr>\n<td valign=\"top\"><span style=\"color: #000000; font-family: Arial; font-size: medium;\">10\/13\/15<\/span><\/td>\n<td valign=\"middle\"><span style=\"color: #000000; font-family: Arial; font-size: medium;\">Kohtumine teatriga &#171;Ilmarine&#187; Narvast ja koost\u00f6\u00f6 l\u00e4bir\u00e4\u00e4kimised<\/span><\/td>\n<\/tr>\n<tr>\n<td valign=\"top\"><span style=\"color: #000000; font-family: Arial; font-size: medium;\">18.10 -12.11.2015<\/span><\/td>\n<td valign=\"bottom\"><span style=\"color: #000000; font-family: Arial; font-size: medium;\">&#171;M\u00e4rt Sults M\u00c4SU Galeriis&#187;\u00a0(\u0443\u043b. T\u00f6\u00f6stuse tn.1, Kalamajas, TALLINN)\u00a0 N\u00e4itus &#171;Ilu kood&#187; (kunstnikud Gennadi Jeltsov ja Jelena Mironova-Jeltsova)<\/span><\/td>\n<\/tr>\n<tr>\n<td valign=\"top\"><span style=\"color: #000000; font-family: Arial; font-size: medium;\">10\/21\/15<\/span><\/td>\n<td valign=\"bottom\"><span style=\"color: #000000; font-family: Arial; font-size: medium;\">Sirje Kiini biograafia \u201eMarie Under. Elu ja luule&#187; &#8212; vene keelse raamatu esitlus Tallinna keskraamatukogus, Estonia pst 8 (Kutsega)<\/span><\/td>\n<\/tr>\n<tr>\n<td valign=\"top\"><span style=\"color: #000000; font-family: Arial; font-size: medium;\">22-25.10.2015<\/span><\/td>\n<td valign=\"bottom\"><span style=\"color: #000000; font-family: Arial; font-size: medium;\">Projekti &#171;S\u00f5pruskoolid&#187; juhtide kohtumine Minskis eesm\u00e4rkiga &#8212; arutada j\u00e4rgmise 5-aastase projekti<span class=\"Apple-converted-space\">\u00a0 <\/span>tegevust<\/span><\/td>\n<\/tr>\n<tr>\n<td valign=\"top\"><span style=\"color: #000000; font-family: Arial; font-size: medium;\"><b>November<\/b><\/span><\/td>\n<td valign=\"bottom\"><\/td>\n<\/tr>\n<tr>\n<td valign=\"top\"><span style=\"color: #000000; font-family: Arial; font-size: medium;\">11\/13\/15<\/span><\/td>\n<td valign=\"bottom\"><span style=\"color: #000000; font-family: Arial; font-size: medium;\">Osalemine &#171;Jalinka&#187;\u00fcritusel Maardus<\/span><\/td>\n<\/tr>\n<tr>\n<td valign=\"top\"><span style=\"color: #000000; font-family: Arial; font-size: medium;\">11\/28\/15<\/span><\/td>\n<td valign=\"bottom\"><span style=\"color: #000000; font-family: Arial; font-size: medium;\">\u00d5pituba lastele &#8212; J\u00f5ulu kaardid erinevas tehnikas<\/span><\/td>\n<\/tr>\n<tr>\n<td valign=\"bottom\"><span style=\"color: #000000; font-family: Arial; font-size: medium;\"><b>Detsember<\/b><\/span><\/td>\n<td valign=\"bottom\"><\/td>\n<\/tr>\n<tr>\n<td valign=\"top\"><span style=\"color: #000000; font-family: Arial; font-size: medium;\">Kuup\u00e4ev ja koht t\u00e4psustamisel<\/span><\/td>\n<td valign=\"bottom\"><span style=\"color: #000000; font-family: Arial; font-size: medium;\">S\u00f5brad koos &#8212; &#171;S\u00e4ravad J\u00f5ulud&#187;<\/span><\/td>\n<\/tr>\n<tr>\n<td valign=\"bottom\"><\/td>\n<td valign=\"bottom\"><\/td>\n<\/tr>\n<\/tbody>\n<\/table>\n","protected":false},"excerpt":{"rendered":"<p>EVA-Studiorum tegevuse kava 2015 aastal Tegevuse toimumise koht ja aeg \u2026 <a class=\"continue-reading-link\" href=\"http:\/\/evastudiorum.com\/wordpress\/ru\/uritused\/\">Loe edasi \/ \u0427\u0438\u0442\u0430\u0439 \u0434\u0430\u043b\u0435\u0435 <span class=\"meta-nav\">&rarr; <\/span><\/a><\/p>\n","protected":false},"author":1,"featured_media":0,"parent":0,"menu_order":0,"comment_status":"closed","ping_status":"closed","template":"","meta":{"footnotes":""},"class_list":["post-282","page","type-page","status-publish","hentry"],"_links":{"self":[{"href":"http:\/\/evastudiorum.com\/wordpress\/ru\/wp-json\/wp\/v2\/pages\/282","targetHints":{"allow":["GET"]}}],"collection":[{"href":"http:\/\/evastudiorum.com\/wordpress\/ru\/wp-json\/wp\/v2\/pages"}],"about":[{"href":"http:\/\/evastudiorum.com\/wordpress\/ru\/wp-json\/wp\/v2\/types\/page"}],"author":[{"embeddable":true,"href":"http:\/\/evastudiorum.com\/wordpress\/ru\/wp-json\/wp\/v2\/users\/1"}],"replies":[{"embeddable":true,"href":"http:\/\/evastudiorum.com\/wordpress\/ru\/wp-json\/wp\/v2\/comments?post=282"}],"version-history":[{"count":5,"href":"http:\/\/evastudiorum.com\/wordpress\/ru\/wp-json\/wp\/v2\/pages\/282\/revisions"}],"predecessor-version":[{"id":1207,"href":"http:\/\/evastudiorum.com\/wordpress\/ru\/wp-json\/wp\/v2\/pages\/282\/revisions\/1207"}],"wp:attachment":[{"href":"http:\/\/evastudiorum.com\/wordpress\/ru\/wp-json\/wp\/v2\/media?parent=282"}],"curies":[{"name":"wp","href":"https:\/\/api.w.org\/{rel}","templated":true}]}}