{"id":1516,"date":"2019-01-31T13:25:51","date_gmt":"2019-01-31T13:25:51","guid":{"rendered":"http:\/\/www.evastudiorum.com\/?page_id=1516"},"modified":"2019-02-12T22:37:47","modified_gmt":"2019-02-12T22:37:47","slug":"publikatsioonid","status":"publish","type":"page","link":"http:\/\/evastudiorum.com\/wordpress\/ru\/publikatsioonid\/","title":{"rendered":"(Eesti) Publikatsioonid ja meedia"},"content":{"rendered":"<p class=\"qtranxs-available-languages-message qtranxs-available-languages-message-ru\">\u0418\u0437\u0432\u0438\u043d\u0438\u0442\u0435, \u044d\u0442\u043e\u0442 \u0442\u0435\u0445\u0442 \u0434\u043e\u0441\u0442\u0443\u043f\u0435\u043d \u0442\u043e\u043b\u044c\u043a\u043e \u0432 \u201c<a href=\"http:\/\/evastudiorum.com\/wordpress\/et\/wp-json\/wp\/v2\/pages\/1516\" class=\"qtranxs-available-language-link qtranxs-available-language-link-et\" title=\"Eesti\">Eesti<\/a>\u201d. For the sake of viewer convenience, the content is shown below in the alternative language. You may click the link to switch the active language.<\/p><p><strong><span style=\"color: #800080;\">Publikatsioonid ajalehtedes ja ajakirjades<\/span><\/strong><\/p>\n<p>Kui inimene palju teeb ja h\u00e4sti teeb, tahaks et sellest teavad ka teised. Oma tegevuse avaldamisest aitab mind\u00a0 koost\u00f6\u00f6 ajalehtedega ja meediakanalitega.<\/p>\n<p><a href=\"http:\/\/www.evastudiorum.com\/wordpress\/wp-content\/uploads\/2019\/02\/pil-raadios-1.jpg\"><img loading=\"lazy\" decoding=\"async\" class=\"alignleft size-medium wp-image-2070\" src=\"http:\/\/www.evastudiorum.com\/wordpress\/wp-content\/uploads\/2019\/02\/pil-raadios-1-300x169.jpg\" alt=\"\" width=\"300\" height=\"169\" srcset=\"http:\/\/evastudiorum.com\/wordpress\/wp-content\/uploads\/2019\/02\/pil-raadios-1-300x169.jpg 300w, http:\/\/evastudiorum.com\/wordpress\/wp-content\/uploads\/2019\/02\/pil-raadios-1-768x433.jpg 768w, http:\/\/evastudiorum.com\/wordpress\/wp-content\/uploads\/2019\/02\/pil-raadios-1-1024x577.jpg 1024w, http:\/\/evastudiorum.com\/wordpress\/wp-content\/uploads\/2019\/02\/pil-raadios-1-250x141.jpg 250w, http:\/\/evastudiorum.com\/wordpress\/wp-content\/uploads\/2019\/02\/pil-raadios-1-150x85.jpg 150w, http:\/\/evastudiorum.com\/wordpress\/wp-content\/uploads\/2019\/02\/pil-raadios-1.jpg 1331w\" sizes=\"auto, (max-width: 300px) 100vw, 300px\" \/><\/a><\/p>\n<p>Olen aktiivne s\u00f5nav\u00f5tja nii raadios (Raadio 4, Raadio 4 saates \u201eBatkav\u0161t\u0161ina\u201d (\u00a0<a href=\"http:\/\/www.evastudiorum.com\/wordpress\/wp-content\/uploads\/2019\/02\/t\u00f5end-1-001.jpg\">T\u00f5end 1<\/a>\u00a0, <a href=\"http:\/\/www.evastudiorum.com\/wordpress\/wp-content\/uploads\/2019\/02\/T\u00f5end-2-001.jpg\">T\u00f5end 2<\/a>, <a href=\"http:\/\/www.evastudiorum.com\/wordpress\/wp-content\/uploads\/2019\/02\/t\u00f5end-3-001.jpg\">T\u00f5end 3<\/a>\u00a0) , Vikerradios, Valgevene telekanalitel ja valgevene raadios &#171;Minskaja volna&#187;) kui ka ajalehtedes kultuurilistel ja pedagoogilistel teemadel.<\/p>\n<p>&nbsp;<\/p>\n<p>Raadio 4 saates<\/p>\n<p>Selles rubriigis v\u00e4lja toodud artiklite nimekiri, mis ma olen kirjutanud ajalehtedesse ja ajakirjadesse viimase 5. aastatele jooksul. Minul on v\u00e4ga tugev koost\u00f6\u00f6 valgevene ajalehega &#171;\u0413\u043e\u043b\u0430\u0441 \u0420\u0430\u0434\u0437i\u043c\u044b&#187; (Kodumaa h\u00e4\u00e4l). See on Valgevene riiklik v\u00e4ljaanne, mis on suunatud lugejatele, kes elavad v\u00e4lismaal, p\u00f5hiliselt valgevene seltsidele, mis tegutsevad maailmas. P\u00fc\u00fcan valgustada oma t\u00f6\u00f6d ka Eestis riiklikes ja kohalikes ajalehtedes.<\/p>\n<p><a href=\"http:\/\/www.evastudiorum.com\/wordpress\/wp-content\/uploads\/2019\/02\/Avaldatud-artiklid-Niina-Peerna.doc\">Avaldatud artiklid Niina Peerna<\/a><\/p>\n<p><strong>Meediakanalites esinemine<\/strong><\/p>\n<p>K. P\u00e4tsi m\u00e4lestuskivi\u00a0 \u00a0avamine Bura\u0161evos (Tveri oblast, Venemaa)<\/p>\n<p><a href=\"https:\/\/www.youtube.com\/watch?v=ygX0J_uMJBY\">https:\/\/www.youtube.com\/watch?v=ygX0J_uMJBY<\/a><\/p>\n<p>Osalen konkursil &#171;\u0411\u0435\u043b\u043e\u0440\u0443\u0441\u044b \u0437\u0430\u0440\u0443\u0431\u0435\u0436\u044c\u044f \u043f\u0438\u0448\u0443\u0442 \u0438 \u0447\u0438\u0442\u0430\u044e\u0442 \u0441\u0442\u0438\u0445\u0438 \u043e \u0411\u0435\u043b\u0430\u0440\u0443\u0441\u0438&#187;.<\/p>\n<p><a href=\"https:\/\/www.youtube.com\/watch?v=xb5EJtj5y-w&amp;t=2s\">https:\/\/www.youtube.com\/watch?v=xb5EJtj5y-w&amp;t=2s<\/a><\/p>\n<p>Raadiosaade &#171;Ma elan siin&#187;<\/p>\n<p><a href=\"https:\/\/vikerraadio.err.ee\/791365\/ma-elan-siin-valgevenelanna-niina-parna-haldi-normet-saarna\">https:\/\/vikerraadio.err.ee\/791365\/ma-elan-siin-valgevenelanna-niina-parna-haldi-normet-saarna<\/a><\/p>","protected":false},"excerpt":{"rendered":"<p>\u0418\u0437\u0432\u0438\u043d\u0438\u0442\u0435, \u044d\u0442\u043e\u0442 \u0442\u0435\u0445\u0442 \u0434\u043e\u0441\u0442\u0443\u043f\u0435\u043d \u0442\u043e\u043b\u044c\u043a\u043e \u0432 \u201cEesti\u201d. For the sake \u2026 <a class=\"continue-reading-link\" href=\"http:\/\/evastudiorum.com\/wordpress\/ru\/publikatsioonid\/\">Loe edasi \/ \u0427\u0438\u0442\u0430\u0439 \u0434\u0430\u043b\u0435\u0435 <span class=\"meta-nav\">&rarr; <\/span><\/a><\/p>\n","protected":false},"author":1,"featured_media":0,"parent":0,"menu_order":0,"comment_status":"closed","ping_status":"closed","template":"","meta":{"footnotes":""},"class_list":["post-1516","page","type-page","status-publish","hentry"],"_links":{"self":[{"href":"http:\/\/evastudiorum.com\/wordpress\/ru\/wp-json\/wp\/v2\/pages\/1516","targetHints":{"allow":["GET"]}}],"collection":[{"href":"http:\/\/evastudiorum.com\/wordpress\/ru\/wp-json\/wp\/v2\/pages"}],"about":[{"href":"http:\/\/evastudiorum.com\/wordpress\/ru\/wp-json\/wp\/v2\/types\/page"}],"author":[{"embeddable":true,"href":"http:\/\/evastudiorum.com\/wordpress\/ru\/wp-json\/wp\/v2\/users\/1"}],"replies":[{"embeddable":true,"href":"http:\/\/evastudiorum.com\/wordpress\/ru\/wp-json\/wp\/v2\/comments?post=1516"}],"version-history":[{"count":0,"href":"http:\/\/evastudiorum.com\/wordpress\/ru\/wp-json\/wp\/v2\/pages\/1516\/revisions"}],"wp:attachment":[{"href":"http:\/\/evastudiorum.com\/wordpress\/ru\/wp-json\/wp\/v2\/media?parent=1516"}],"curies":[{"name":"wp","href":"https:\/\/api.w.org\/{rel}","templated":true}]}}