{"id":791,"date":"2014-08-27T07:29:04","date_gmt":"2014-08-27T07:29:04","guid":{"rendered":"http:\/\/www.evastudiorum.com\/wordpress\/?page_id=791"},"modified":"2014-10-27T06:54:42","modified_gmt":"2014-10-27T06:54:42","slug":"uritused-2013-arhiiv","status":"publish","type":"page","link":"http:\/\/evastudiorum.com\/wordpress\/et\/uritused\/uritused-2013-arhiiv\/","title":{"rendered":"\u00dcritused 2013 arhiiv"},"content":{"rendered":"<p><strong>Jaanuar 2013<\/strong><\/p>\n<p>12. jaanuar &#8211;\u00a0<a title=\"Reis m\u00f6\u00f6da Eestit\" href=\"http:\/\/www.evastudiorum.com\/wordpress\/?p=532\">Vene keele konkurss &#8220;Reis Eestis&#8221; &#8211; p\u00f5hikooli \u00f5pilastele<\/a><\/p>\n<p>22. jaanuar &#8211; \u00dcmarlaud<\/p>\n<p>22, 24 ja 26. jaanuar &#8211;<a title=\"Lapiteki \u00f5mblemise \u00f5pituba\" href=\"http:\/\/www.evastudiorum.com\/wordpress\/?p=540\">Taaskasutus &#8211; Lapiteki \u00f5mblemise \u00f5pituba<\/a><\/p>\n<p><strong>Veebruar 2013<\/strong><\/p>\n<p>06. veebruar &#8211; Taaskasutus &#8211;\u00a0<a title=\"Lapiteki \u00f5mblemise \u00f5pituba\" href=\"http:\/\/www.evastudiorum.com\/wordpress\/?p=540\">Lapiteki \u00f5mblemise \u00f5pituba<\/a><\/p>\n<p>10. veebruar &#8211; \u00d5pituba &#8211; Kingitused s\u00f5brale<\/p>\n<p>16. veebruar &#8211; Valgevene Vastlap\u00e4ev &#8211; Gukanne Vjasn\u00f5. \u00a0\u00dchendada erineva rahvusega noori, lumelinna ehitamine, traditsioonide tutvustamine<\/p>\n<p><strong>M\u00e4rts 2013<\/strong><\/p>\n<p>5.m\u00e4rts &#8211; Naistep\u00e4eva eri &#8211; suu magusaks. Tr\u00fchvlite \u00f5pituba<\/p>\n<p>10-14. m\u00e4rts &#8211;\u00a0<a href=\"http:\/\/www.evastudiorum.com\/wordpress\/?p=684\">S\u00f5prussuhete loomine Poola &#8211; Valgevenelastega. Juhatuse liikme osalemine kultuuri ja hariduse reisil Poolas<\/a><\/p>\n<p>15.m\u00e4rts &#8211; \u00dchingu koosolek &#8211; muljed kohtumisest valgevenelastega Poolas, aprilli kuu s\u00f5it Valgevenesse<\/p>\n<p>25.m\u00e4rts &#8211; Osalemine Harku valla loovt\u00f6\u00f6konkursil \u201eMinu s\u00f5ber\u201c<\/p>\n<p><a href=\"http:\/\/www.evastudiorum.com\/wordpress\/?p=691\">Osalemine rahvusvahelisel joonistus-n\u00e4itus-konkursil Romanovite D\u00fcnastia \u2013 400. Tutvustada noortele Romanovite D\u00fcnastiat<\/a><\/p>\n<p><strong>Aprill 2013<\/strong><\/p>\n<p>2. aprill &#8211; Osalemine rahvuslike meenete valmistamise \u00f5pitoas.<\/p>\n<p>9. aprill &#8211;\u00a0<a href=\"http:\/\/www.evastudiorum.com\/wordpress\/?p=686\">Valgevene eri &#8211; pelmeenide \u00f5pituba<\/a><\/p>\n<p>12-19. aprill &#8211;\u00a0<a href=\"http:\/\/www.evastudiorum.com\/wordpress\/?p=688\">Valgevene s\u00f5pruskooli k\u00fclastus, \u201e2013 \u2013 god Bere\u017elivosti (s\u00e4\u00e4stu aasta) Valgevenes\u201c.<\/a>\u00a0Projekti \u201eS\u00f5pruskoolid\u201c raames k\u00fclastab Eesti delegatsioon Valgevene s\u00f5pruskooli, mille k\u00e4igus toimub tundide k\u00fclastus, \u00fchine kontsert, ekskursioonid m\u00f6\u00f6da Valgevenet. Osaleme rajooni haridus- ja teaduskonverentsil \u201e2013 \u2013 god Bere\u017elivosti\u201c. Kohtumine Eesti seltsiga \u201eLastot\u0161ka\u201c (P\u00e4\u00e4suke), Minskist. Kohtumine s\u00f5prussidemete loomise eesm\u00e4rgil, edaspidise koost\u00f6\u00f6 l\u00e4bir\u00e4\u00e4kimised. T\u00f6\u00f6alane kohtumine Valgevenes F. Skarina nimelise Valgevene kooli direktsiooniga Vilniusest.<\/p>\n<p>\u00dchingu s\u00fcnnip\u00e4ev &#8211; me oleme 8 aastased<\/p>\n<p>22. aprill &#8211; \u00dchingu koosolek &#8211; mai kuu \u00fcrituste plaani arutelu<\/p>\n<p>Kohtumine s\u00f5pradega &#8211; projekti &#8220;S\u00f5pruskoolid&#8221; raames<\/p>\n<p><strong>Mai 2013<\/strong><\/p>\n<p>3. mai &#8211; Valgevene lihav\u00f5tted &#8211; Tutvustada Valgevene lihav\u00f5tte traditsioone ja tavasid, n\u00e4idata munade v\u00e4rvimise erinevaid tehnikaid<\/p>\n<p>25. mai &#8211;\u00a0<a href=\"http:\/\/www.evastudiorum.com\/wordpress\/?p=697\">Tantsuansambli Devt\u0161ata osalemine kirjakeele p\u00e4eva t\u00e4histamisel &#8211; \u00fcritus &#8220;Kirill ja Mifodia&#8221;<\/a><\/p>\n<p>31.mai &#8211; \u00dchingu koosolek &#8211; suve kuude \u00fcrituste plaani arutelu<\/p>\n<p>Slaavi kirjakeelep\u00e4eva raames festival &#8220;S\u00f5pruse p\u00e4rg&#8221; (Venok Dru\u017eb\u00f5)<\/p>\n<p><strong>Juuni 2013<\/strong><\/p>\n<p>juuni &#8211; Projekti \u00fcheks k\u00f5ige t\u00e4htsamaks eesm\u00e4rgiks \u00a0on tugevdada erinevate rahvakildude koost\u00f6\u00f6valmidust ja v\u00e4hemuste \u00fchtekuuluvustunned Eesti Vabariigi kodanikuna. Tutvustada oma rahvuse juuri l\u00e4bi v\u00e4hemusrahvuste P\u00fchap\u00e4evakoolide tegevust ning \u00f5ppida hindama oma ja teiste rahvakultuuri traditsioone.<\/p>\n<p>juuni &#8211;\u00a0<a title=\"M\u00f6\u00f6da Vabaduss\u00f5da radupidi\" href=\"http:\/\/www.evastudiorum.com\/wordpress\/?p=719\">Projekt &#8220;M\u00f6\u00f6da Vabaduss\u00f5da Radupidi&#8221; &#8211; Integratsiooni laager eesti ja vene koolide noortele, mille eesm\u00e4rgiks on tutvustada eesti ajalugu<\/a><\/p>\n<p><strong>Juuli 2013\u00a0<\/strong><\/p>\n<p>juuli -Tantsuansambli Devt\u0161ata osalemine kultuur programmiga Tveris<\/p>\n<p><strong>August 2013<\/strong><\/p>\n<p>2. august &#8211; \u00dchingu koosolek &#8211; augusti ja septembri kuu \u00fcrituste plaani arutelu<\/p>\n<p>17. august &#8211; Tegevuse p\u00fchendamine augusti kuu spas p\u00fchadele 14.08 \u2013 mee spas, 19.08 &#8211; \u00f5una spas, 29.08 &#8211; leiva spas. Korraldame \u00f5pitoad, milles k\u00fcpsetame, meisterdame ja \u00f5pime<\/p>\n<p>Slaavi rahvapidu &#8220;Spas&#8221; &#8211; Mee Spas, \u00d5una Spas ning P\u00e4hkli ja Leiva Spas<\/p>\n<p><strong>Oktoober 2013<\/strong><\/p>\n<p>4.oktoober &#8211;\u00a0\u00dchingu koosolek &#8211; Aastal\u00f5pu \u00fcrituste plaani arutelu<\/p>\n<p>14. oktoober &#8211;\u00a0Valgevene emadep\u00e4eva t\u00e4histamine, mille raames korraldame moe-show teemal &#8220;2013 &#8211; god Bere\u017elivosti&#8221;<\/p>\n<p>Osalemine loomingulisel kohtumisel Valgevene poeet-muusikuga Ivan Titovetsiga<\/p>\n<p><strong>Detsember 2013<\/strong><\/p>\n<p>\u00dchingu j\u00f5ulu\u00f5htu koos s\u00f5pradega &#8211; Meenutusi l\u00e4inud aastast \u00fchiste s\u00f5prade seltsis<\/p>\n<p>&nbsp;<\/p>\n<div><\/div>\n<p><\/p>","protected":false},"excerpt":{"rendered":"<p>Jaanuar 2013 12. jaanuar &#8211;\u00a0Vene keele konkurss &#8220;Reis Eestis&#8221; &#8211; \u2026 <a class=\"continue-reading-link\" href=\"http:\/\/evastudiorum.com\/wordpress\/et\/uritused\/uritused-2013-arhiiv\/\">Loe edasi \/ \u0427\u0438\u0442\u0430\u0439 \u0434\u0430\u043b\u0435\u0435 <span class=\"meta-nav\">&rarr; <\/span><\/a><\/p>\n","protected":false},"author":1,"featured_media":0,"parent":282,"menu_order":0,"comment_status":"closed","ping_status":"closed","template":"","meta":{"footnotes":""},"class_list":["post-791","page","type-page","status-publish","hentry"],"_links":{"self":[{"href":"http:\/\/evastudiorum.com\/wordpress\/et\/wp-json\/wp\/v2\/pages\/791","targetHints":{"allow":["GET"]}}],"collection":[{"href":"http:\/\/evastudiorum.com\/wordpress\/et\/wp-json\/wp\/v2\/pages"}],"about":[{"href":"http:\/\/evastudiorum.com\/wordpress\/et\/wp-json\/wp\/v2\/types\/page"}],"author":[{"embeddable":true,"href":"http:\/\/evastudiorum.com\/wordpress\/et\/wp-json\/wp\/v2\/users\/1"}],"replies":[{"embeddable":true,"href":"http:\/\/evastudiorum.com\/wordpress\/et\/wp-json\/wp\/v2\/comments?post=791"}],"version-history":[{"count":3,"href":"http:\/\/evastudiorum.com\/wordpress\/et\/wp-json\/wp\/v2\/pages\/791\/revisions"}],"predecessor-version":[{"id":884,"href":"http:\/\/evastudiorum.com\/wordpress\/et\/wp-json\/wp\/v2\/pages\/791\/revisions\/884"}],"up":[{"embeddable":true,"href":"http:\/\/evastudiorum.com\/wordpress\/et\/wp-json\/wp\/v2\/pages\/282"}],"wp:attachment":[{"href":"http:\/\/evastudiorum.com\/wordpress\/et\/wp-json\/wp\/v2\/media?parent=791"}],"curies":[{"name":"wp","href":"https:\/\/api.w.org\/{rel}","templated":true}]}}