{"id":56,"date":"2012-03-23T12:19:15","date_gmt":"2012-03-23T12:19:15","guid":{"rendered":"http:\/\/www.evastudiorum.com\/wordpress\/?page_id=56"},"modified":"2017-04-04T11:00:20","modified_gmt":"2017-04-04T11:00:20","slug":"dokumendid","status":"publish","type":"page","link":"http:\/\/evastudiorum.com\/wordpress\/et\/dokumendid\/","title":{"rendered":"Tr\u00fckised"},"content":{"rendered":"<p>Rahvused Eestis &#8220;Valgevenelased&#8221;\u00a0 <a title=\"Rahvused eestis valgevenelased\" href=\"http:\/\/www.evastudiorum.com\/wordpress\/wp-content\/uploads\/2012\/03\/Rahvused_eestis_valgevenelased.pdf\">Rahvused eestis valgevenelased<\/a><\/p>\n<p>Joonistus konkurssi pildiraamat <a href=\"http:\/\/www.evastudiorum.com\/wordpress\/wp-content\/uploads\/2012\/03\/joonistuskonkursi-pildiraamat3.pdf\" target=\"_blank\">Eesti \u00f5pilased joonistavad Valgevenet<\/a><\/p>\n<p>Raamat\u00a0<a href=\"http:\/\/www.evastudiorum.com\/wordpress\/wp-content\/uploads\/2012\/03\/Raamat-M\u00f6\u00f6da-Vabaduss\u00f5da-Radupidi.pdf\">&#8220;Teekond vabaduss\u00f5ja radadel&#8221;<\/a><\/p>\n<p><a href=\"http:\/\/www.evastudiorum.com\/?attachment_id=1360\" target=\"_blank\" rel=\"attachment wp-att-1360\">Konstantin P\u00e4tsi j\u00e4lgedes<\/a><\/p>","protected":false},"excerpt":{"rendered":"<p>Rahvused Eestis &#8220;Valgevenelased&#8221;\u00a0 Rahvused eestis valgevenelased Joonistus konkurssi pildiraamat Eesti \u2026 <a class=\"continue-reading-link\" href=\"http:\/\/evastudiorum.com\/wordpress\/et\/dokumendid\/\">Loe edasi \/ \u0427\u0438\u0442\u0430\u0439 \u0434\u0430\u043b\u0435\u0435 <span class=\"meta-nav\">&rarr; <\/span><\/a><\/p>\n","protected":false},"author":1,"featured_media":0,"parent":0,"menu_order":0,"comment_status":"closed","ping_status":"closed","template":"","meta":{"footnotes":""},"class_list":["post-56","page","type-page","status-publish","hentry"],"_links":{"self":[{"href":"http:\/\/evastudiorum.com\/wordpress\/et\/wp-json\/wp\/v2\/pages\/56","targetHints":{"allow":["GET"]}}],"collection":[{"href":"http:\/\/evastudiorum.com\/wordpress\/et\/wp-json\/wp\/v2\/pages"}],"about":[{"href":"http:\/\/evastudiorum.com\/wordpress\/et\/wp-json\/wp\/v2\/types\/page"}],"author":[{"embeddable":true,"href":"http:\/\/evastudiorum.com\/wordpress\/et\/wp-json\/wp\/v2\/users\/1"}],"replies":[{"embeddable":true,"href":"http:\/\/evastudiorum.com\/wordpress\/et\/wp-json\/wp\/v2\/comments?post=56"}],"version-history":[{"count":5,"href":"http:\/\/evastudiorum.com\/wordpress\/et\/wp-json\/wp\/v2\/pages\/56\/revisions"}],"predecessor-version":[{"id":1363,"href":"http:\/\/evastudiorum.com\/wordpress\/et\/wp-json\/wp\/v2\/pages\/56\/revisions\/1363"}],"wp:attachment":[{"href":"http:\/\/evastudiorum.com\/wordpress\/et\/wp-json\/wp\/v2\/media?parent=56"}],"curies":[{"name":"wp","href":"https:\/\/api.w.org\/{rel}","templated":true}]}}