{"id":2,"date":"2012-03-21T14:04:59","date_gmt":"2012-03-21T14:04:59","guid":{"rendered":"http:\/\/www.evastudiorum.com\/wordpress\/?page_id=2"},"modified":"2015-11-08T18:37:00","modified_gmt":"2015-11-08T18:37:00","slug":"firmast","status":"publish","type":"page","link":"http:\/\/evastudiorum.com\/wordpress\/et\/firmast\/","title":{"rendered":"Firmast"},"content":{"rendered":"<p><\/p>\n<p style=\"text-align: justify;\">\n<p><b>Organisatsiooni l\u00fchitutvustus<\/b><\/p>\n<p>MT\u00dc \u00d5ppe- ja Arengukeskus EVA \u2013 Studiorum alustas oma\u00a0 asutamist\u00a0 novembris 2004 aastal. L\u00f5plikult asutati MT\u00dc 18. aprillil 2005 aastal.\u00a0 Aastatel 2005 \u2013 2014 kuulus EVA-Studiorum Eestimaa Valgevenelaste Assotsiatsiooni (Valgevene seltside katusorganisatsioon) alla. Alates 2015 aastast kuulub EVA-Studiorum V\u00e4hemusrahvuste Keskus Radzima alla. Juhatus koosneb kahest liikmest: juhatuse esimees Niina Peerna ja juhatuse liige Ketlin Pukk.<\/p>\n<p style=\"text-align: justify;\"><strong>Tegevuse eesm\u00e4rgid ja \u00fclesanded<\/strong><\/p>\n<p style=\"text-align: justify;\">\u00d5ppe- ja Arengukeskus EVA \u2013 Studiorum l\u00e4htub oma tegevuses rahvusvaheliselt tunnustatud v\u00e4hemusrahvuste p\u00f5him\u00f5tetest ning esindab kultuurilisi, hariduslikke, poliitilisi, sotsiaalmajanduslike ja ajaloolisi huve nii Eestis, kui ka v\u00e4ljaspool Eestit. Kogumine, \u00fcldistamine, avaldamine ning informatsiooni levitamine valgevene kultuuri, keele ja ajaloo k\u00fcsimustes. Korraldab erinevaid seminare, konverentse, loenguid, keele kursuseid, samuti organiseerib ja viib l\u00e4bi erinevaid kultuur- ja ajaloo \u00fcritusi \u2013 festivale, n\u00e4itusi, etendusi, konkursse, rahvapidusid, (\u00f5ppe)ekskursioone, meisterklasse, laagreid ja muid \u00fcritusi valgevene kultuuri tutvustamiseks Eestis ja eesti kultuuri tutvustamiseks Valgevenemaal. Korraldab Valgevene Vabariiki informatsiooni \u2013 tunnetusreise kultuuri tutvumise eesm\u00e4rgil. Kaasaaitamine EV ja Valgevene Vabariigi s\u00f5prussuhete loomisele \u2013 koolide vahelised s\u00f5prussuhted keele praktika eesm\u00e4rgil EVA-Studiorum osutab vajadusel t\u00f5lketeenuse abi (valgevene ja vene keelest eesti keelde, ning eesti keelest valgevene ja vene keelde)<\/p>\n<p><\/p>","protected":false},"excerpt":{"rendered":"<p>Organisatsiooni l\u00fchitutvustus MT\u00dc \u00d5ppe- ja Arengukeskus EVA \u2013 Studiorum alustas \u2026 <a class=\"continue-reading-link\" href=\"http:\/\/evastudiorum.com\/wordpress\/et\/firmast\/\">Loe edasi \/ \u0427\u0438\u0442\u0430\u0439 \u0434\u0430\u043b\u0435\u0435 <span class=\"meta-nav\">&rarr; <\/span><\/a><\/p>\n","protected":false},"author":1,"featured_media":0,"parent":0,"menu_order":0,"comment_status":"closed","ping_status":"closed","template":"","meta":{"footnotes":""},"class_list":["post-2","page","type-page","status-publish","hentry"],"_links":{"self":[{"href":"http:\/\/evastudiorum.com\/wordpress\/et\/wp-json\/wp\/v2\/pages\/2","targetHints":{"allow":["GET"]}}],"collection":[{"href":"http:\/\/evastudiorum.com\/wordpress\/et\/wp-json\/wp\/v2\/pages"}],"about":[{"href":"http:\/\/evastudiorum.com\/wordpress\/et\/wp-json\/wp\/v2\/types\/page"}],"author":[{"embeddable":true,"href":"http:\/\/evastudiorum.com\/wordpress\/et\/wp-json\/wp\/v2\/users\/1"}],"replies":[{"embeddable":true,"href":"http:\/\/evastudiorum.com\/wordpress\/et\/wp-json\/wp\/v2\/comments?post=2"}],"version-history":[{"count":5,"href":"http:\/\/evastudiorum.com\/wordpress\/et\/wp-json\/wp\/v2\/pages\/2\/revisions"}],"predecessor-version":[{"id":1240,"href":"http:\/\/evastudiorum.com\/wordpress\/et\/wp-json\/wp\/v2\/pages\/2\/revisions\/1240"}],"wp:attachment":[{"href":"http:\/\/evastudiorum.com\/wordpress\/et\/wp-json\/wp\/v2\/media?parent=2"}],"curies":[{"name":"wp","href":"https:\/\/api.w.org\/{rel}","templated":true}]}}