{"id":1682,"date":"2019-02-05T18:02:26","date_gmt":"2019-02-05T18:02:26","guid":{"rendered":"http:\/\/www.evastudiorum.com\/?page_id=1682"},"modified":"2019-02-18T00:19:43","modified_gmt":"2019-02-18T00:19:43","slug":"esinemised-haridusuritustel-ja-konverentsidel","status":"publish","type":"page","link":"http:\/\/evastudiorum.com\/wordpress\/et\/esinemised-haridusuritustel-ja-konverentsidel\/","title":{"rendered":"Esinemised haridus\u00fcritustel ja konverentsidel"},"content":{"rendered":"<p><strong><span style=\"color: #800080;\">Esinemised haridus\u00fcritustel ja konverentsidel pedagoogilistel v\u00f5i erialastel teemadel.<\/span><\/strong><\/p>\n<p>Olen v\u00e4ga palju esinenud erinevatel konverentsidel, seminaridel, \u00fcmarlaudadel ja haridus\u00fcritustel. Arvan, et see on t\u00e4htis mulle, kuna\u00a0 sain jagada oma kogemusi, r\u00e4\u00e4kida oma t\u00f6\u00f6st ja uuringutest. loodan, et neid loengud pakkusid\u00a0 huvi kuulajatele, sest tagasiside oli alati positiivne.\u00a0 Olen\u00a0 \u00a0osalenud konverentsidel online vahendusel Skype teel (Uuraliga ja Tveriga Venemaal).\u00a0All pool tabelis on v\u00e4lja toodud minu esinemised (kuup\u00e4evad, teemad, toimumise koht).<\/p>\n<p><a href=\"http:\/\/www.evastudiorum.com\/wordpress\/wp-content\/uploads\/2019\/02\/Novouralsk-konverents-pilt.jpg\"><img loading=\"lazy\" decoding=\"async\" class=\"size-medium wp-image-1690 alignleft\" src=\"http:\/\/www.evastudiorum.com\/wordpress\/wp-content\/uploads\/2019\/02\/Novouralsk-konverents-pilt-300x199.jpg\" alt=\"\" width=\"300\" height=\"199\" srcset=\"http:\/\/evastudiorum.com\/wordpress\/wp-content\/uploads\/2019\/02\/Novouralsk-konverents-pilt.jpg 300w, http:\/\/evastudiorum.com\/wordpress\/wp-content\/uploads\/2019\/02\/Novouralsk-konverents-pilt-226x150.jpg 226w, http:\/\/evastudiorum.com\/wordpress\/wp-content\/uploads\/2019\/02\/Novouralsk-konverents-pilt-150x100.jpg 150w\" sizes=\"auto, (max-width: 300px) 100vw, 300px\" \/><br \/>\n<\/a><\/p>\n<p>&nbsp;<\/p>\n<p>Rahvusvaheline teaduslik-praktiline konverents &#8220;\u041d\u0430\u0441\u043b\u0435\u0434\u0438\u0435 \u041e\u0442\u0435\u0447\u0435\u0441\u0442\u0432\u0435\u043d\u043d\u043e\u0439 \u043a\u0443\u043b\u044c\u0442\u0443\u0440\u044b \u0432 \u0445\u0443\u0434\u043e\u0436\u0435\u0441\u0442\u0432\u0435\u043d\u043d\u043e\u043c \u043e\u0431\u0440\u0430\u0437\u043e\u0432\u0430\u043d\u0438\u0438&#8221; Novouralski linnas Sverdlovskaja oblastis, Venemaa. Online\u00a0 esinemine<\/p>\n<p><a href=\"http:\/\/www.evastudiorum.com\/wordpress\/wp-content\/uploads\/2019\/02\/Esinemised-haridus\u00fcritustel-ja-konverentsidel-Niina-Peerna-2013-2018-2.xls\">Esinemised haridus\u00fcritustel ja konverentsidel Niina Peerna 2013-2018<\/a><\/p>\n<p>Osalemise materjalid, tunnistused<\/p>\n<ol>\n<li>Rahvusvaheline \u00f5pilaste joonistuste n\u00e4ituse avamine\u00a0 &#8220;Romanovite d\u00fcnastia-400&#8221; Moskvas.\u00a0 \u00a0<a href=\"http:\/\/www.evastudiorum.com\/wordpress\/wp-content\/uploads\/2019\/02\/Esitlus-Moskva-29-01-01.02.2014-.ppt\">ettekanne<\/a><\/li>\n<li>\u00dcmarlaud-seminar \u201eVerhnevol\u017eje \u2013 s\u00f5pruse territoorium\u201d.\u00a0 <a href=\"http:\/\/www.evastudiorum.com\/wordpress\/wp-content\/uploads\/2019\/02\/Artikkel-Tveri-ajalehes-16.05.2014.doc\">Tveri ajaleht<\/a><\/li>\n<li>Rahvusvaheline konverents &#8220;K.P\u00e4tsi j\u00e4lgedes&#8221; projekti raames &#8220;Meid \u00fchendab ajalugu. Eesti-Venemaa&#8221; P\u00e4rnus. <a href=\"http:\/\/www.evastudiorum.com\/wordpress\/wp-content\/uploads\/2019\/02\/P\u00e4rnu-konverents-K.-P\u00e4ts-programm-doc.doc\">Konverentsi kava,<\/a>\u00a0\u00a0<a href=\"http:\/\/www.evastudiorum.com\/wordpress\/wp-content\/uploads\/2019\/02\/Sertifikaat-Konverents-P\u00e4rnu-001.jpg\">Sertifikaat<\/a><\/li>\n<li>Rahvusvaheline teaduslik-praktiline konverents &#8220;\u041d\u0430\u0441\u043b\u0435\u0434\u0438\u0435 \u041e\u0442\u0435\u0447\u0435\u0441\u0442\u0432\u0435\u043d\u043d\u043e\u0439 \u043a\u0443\u043b\u044c\u0442\u0443\u0440\u044b \u0432 \u0445\u0443\u0434\u043e\u0436\u0435\u0441\u0442\u0432\u0435\u043d\u043d\u043e\u043c \u043e\u0431\u0440\u0430\u0437\u043e\u0432\u0430\u043d\u0438\u0438&#8221; Novouralski linnas Venemaal. <a href=\"http:\/\/www.evastudiorum.com\/wordpress\/wp-content\/uploads\/2019\/02\/\u041f\u0440\u043e\u0433\u0440\u0430\u043c\u043c\u0430-\u043a\u043e\u043d\u0444\u0435\u0440\u0435\u043d\u0446\u0438\u0438.jpg\">Konverentsi kava<\/a> Ja <a href=\"http:\/\/www.evastudiorum.com\/wordpress\/wp-content\/uploads\/2019\/02\/\u0411\u043b\u0430\u0433\u043e\u0434\u0430\u0440\u043d\u043e\u0441\u0442\u044c.\u041d\u043e\u0432\u043e\u0443\u0440\u0430\u043b\u044c\u0441\u043a.jpg\">T\u00e4nukiri<\/a><\/li>\n<li>Rahvusvaheline teaduslik-praktiline konverents \u00ab\u041a \u043d\u0440\u0430\u0432\u0441\u0442\u0432\u0435\u043d\u043d\u043e\u043c\u0443 \u0441\u0442\u0430\u043d\u043e\u0432\u043b\u0435\u043d\u0438\u044e \u0447\u0435\u0440\u0435\u0437 \u043f\u043e\u0437\u043d\u0430\u043d\u0438\u0435 \u043d\u0430\u0446\u0438\u043e\u043d\u0430\u043b\u044c\u043d\u043e\u0439 \u043a\u0443\u043b\u044c\u0442\u0443\u0440\u044b\u00bb Tveri linnas Venemaal. <a href=\"http:\/\/www.evastudiorum.com\/wordpress\/wp-content\/uploads\/2019\/02\/\u041f\u0420\u041e\u0413\u0420\u0410\u041c\u041c\u0410-\u043a\u043e\u043d\u0444\u0435\u0440\u0435\u043d\u0446\u0438\u0438-\u0432-\u0422\u0432\u0435\u0440\u0438-2.11.2014.doc\">Konverentsi kava<\/a> , <a href=\"http:\/\/www.evastudiorum.com\/wordpress\/wp-content\/uploads\/2019\/02\/\u043a\u043e\u043d\u0444\u0435\u0440\u0435\u043d\u0446\u0438\u044f-1.11.2014-\u0422\u0432\u0435\u0440\u044c.doc\">artikkel<\/a><\/li>\n<li>Rahvusvaheline pedagoogiline seminar projekti raames &#8220;S\u00f5pruskoolid. Eesti-Valgevene&#8221; <a href=\"http:\/\/www.evastudiorum.com\/wordpress\/wp-content\/uploads\/2019\/02\/Rahvusvaheline-pedagoogiline-seminaar-S\u00f5pruskoolid-001.jpg\">Sertifikaat<\/a><\/li>\n<li>\u0410\u0432\u0433\u0443\u0441\u0442\u043e\u0432\u0441\u043a\u0438\u0439 \u0444\u043e\u0440\u0443\u043c \u043f\u0435\u0434\u0430\u0433\u043e\u0433\u0438\u0447\u0435\u0441\u043a\u0438\u0445 \u0440\u0430\u0431\u043e\u0442\u043d\u0438\u043a\u043e\u0432 &#8220;\u0413\u0440\u0430\u0436\u0434\u0430\u043d\u0441\u043a\u0430\u044f \u043e\u0442\u0432\u0435\u0442\u0441\u0442\u0432\u0435\u043d\u043d\u043e\u0441\u0442\u044c, \u043a\u043e\u043c\u043f\u0435\u0442\u0435\u043d\u0442\u043d\u043e\u0441\u0442\u044c \u0438 \u0441\u043e\u0437\u0438\u0434\u0430\u0442\u0435\u043b\u044c\u043d\u0430\u044f \u0430\u043a\u0442\u0438\u0432\u043d\u043e\u0441\u0442\u044c \u043c\u043e\u043b\u043e\u0434\u044b\u0445 &#8211; \u0444\u0443\u043d\u0434\u0430\u043c\u0435\u043d\u0442 \u0443\u0441\u043f\u0435\u0448\u043d\u043e\u0433\u043e \u0440\u0430\u0437\u0432\u0438\u0442\u0438\u044f \u0441\u0442\u043e\u043b\u0438\u0446\u044b&#8221; Minskis.\u00a0\u00a0<a href=\"http:\/\/www.evastudiorum.com\/wordpress\/wp-content\/uploads\/2019\/02\/T\u00e4nukiri-foorumis-osalemine-001.jpg\">T\u00e4nu<\/a> ja <a href=\"http:\/\/www.evastudiorum.com\/wordpress\/wp-content\/uploads\/2019\/02\/sertifikaat-foorumis-osalemine-001.jpg\">Sertifikaat<\/a><\/li>\n<li>Kohtumis\u00fcrituste sari &#8220;\u00dcks riik-palju rahvaid&#8221;, mis on p\u00fchendatud v\u00e4hemusrahvustele_ Tallinna Keskraamatukogus. <a href=\"http:\/\/www.evastudiorum.com\/wordpress\/wp-content\/uploads\/2019\/02\/valgevene_loeng_03_16.jpg\">Kulutus-plakat<\/a><\/li>\n<li>Kunstin\u00e4ituse avamine Maksim Bogdanovitsi muuseumis Minskis. <a href=\"http:\/\/www.evastudiorum.com\/wordpress\/wp-content\/uploads\/2019\/02\/M.-Bogdanovitsi-muuseum-001.jpg\">T\u00e4nukiri<\/a><\/li>\n<li>Rahvusvaheline teaduslik-praktiline konverents &#8220;\u041f\u0435\u0434\u0430\u0433\u043e\u0433\u0438\u0447\u0435\u0441\u043a\u0438\u0439 \u043e\u043f\u044b\u0442 &#8211; 5. \u041e\u043f\u044b\u0442, \u0438\u043d\u0438\u0446\u0438\u0430\u0442\u0438\u0432\u0430, \u0442\u0432\u043e\u0440\u0447\u0435\u0441\u0442\u0432\u043e \u043f\u0435\u0434\u0430\u0433\u043e\u0433\u0430 &#8211; \u0437\u0430\u043b\u043e\u0433 \u0443\u0441\u043f\u0435\u0448\u043d\u043e\u0441\u0442\u0438 \u0443\u0447\u0435\u043d\u0438\u043a\u0430&#8221; Minskis. <a href=\"http:\/\/www.evastudiorum.com\/wordpress\/wp-content\/uploads\/2019\/02\/Teaduslik-praktiline-konverents-\u041f\u0435\u0434\u0430\u0433\u043e\u0433\u0438\u0447\u0435\u0441\u043a\u0438\u0439-\u043e\u043f\u044b\u0442-5-001.jpg\">Diplom<\/a><\/li>\n<li>Rahvusvaheline teaduslik-praktiline konverents &#8220;Teaduse maailmas&#8221; (&#8221; \u0412 \u043c\u0438\u0440\u0435 \u043d\u0430\u0443\u043a\u0438&#8221;) Minskis. <a href=\"http:\/\/www.evastudiorum.com\/wordpress\/wp-content\/uploads\/2019\/02\/Kutse-konverentsile-Minsk-6-8.04.2016-001.jpg\">Kutse<\/a> ja <a href=\"http:\/\/www.evastudiorum.com\/wordpress\/wp-content\/uploads\/2019\/02\/Teaduslik-praktiline-konverents-\u041f\u0435\u0434\u0430\u0433\u043e\u0433\u0438\u0447\u0435\u0441\u043a\u0438\u0439-\u043e\u043f\u044b\u0442-5-001-1.jpg\">T\u00e4nukiri<\/a><\/li>\n<li>Ekspositsiooni &#8220;Pimen Pantsanka -100&#8221; avamine ja loengu l\u00e4biviimine. Poeetiline \u00f5htu ja Rahvusvaheline laste joonistuskonkursi avamine &#8220;\u041a\u0443\u0442\u043e\u0447\u0430\u043a \u0440\u043e\u0434\u043d\u044b \u043b\u044e\u0431\u0430\u0439 \u0411\u0435\u043b\u0430\u0440\u0443\u0441i&#8221;, p\u00fchendatud valgevene poeedi P.Pranuza 100-aastasele juubelile) <a href=\"http:\/\/www.evastudiorum.com\/wordpress\/wp-content\/uploads\/2019\/02\/T\u00e4nukiri-kirjanduse-muuseumist.pdf\">T\u00e4nu\u00a0<\/a><\/li>\n<\/ol>\n<p><\/p>","protected":false},"excerpt":{"rendered":"<p>Esinemised haridus\u00fcritustel ja konverentsidel pedagoogilistel v\u00f5i erialastel teemadel. Olen v\u00e4ga \u2026 <a class=\"continue-reading-link\" href=\"http:\/\/evastudiorum.com\/wordpress\/et\/esinemised-haridusuritustel-ja-konverentsidel\/\">Loe edasi \/ \u0427\u0438\u0442\u0430\u0439 \u0434\u0430\u043b\u0435\u0435 <span class=\"meta-nav\">&rarr; <\/span><\/a><\/p>\n","protected":false},"author":1,"featured_media":0,"parent":0,"menu_order":0,"comment_status":"closed","ping_status":"closed","template":"","meta":{"footnotes":""},"class_list":["post-1682","page","type-page","status-publish","hentry"],"_links":{"self":[{"href":"http:\/\/evastudiorum.com\/wordpress\/et\/wp-json\/wp\/v2\/pages\/1682","targetHints":{"allow":["GET"]}}],"collection":[{"href":"http:\/\/evastudiorum.com\/wordpress\/et\/wp-json\/wp\/v2\/pages"}],"about":[{"href":"http:\/\/evastudiorum.com\/wordpress\/et\/wp-json\/wp\/v2\/types\/page"}],"author":[{"embeddable":true,"href":"http:\/\/evastudiorum.com\/wordpress\/et\/wp-json\/wp\/v2\/users\/1"}],"replies":[{"embeddable":true,"href":"http:\/\/evastudiorum.com\/wordpress\/et\/wp-json\/wp\/v2\/comments?post=1682"}],"version-history":[{"count":5,"href":"http:\/\/evastudiorum.com\/wordpress\/et\/wp-json\/wp\/v2\/pages\/1682\/revisions"}],"predecessor-version":[{"id":2172,"href":"http:\/\/evastudiorum.com\/wordpress\/et\/wp-json\/wp\/v2\/pages\/1682\/revisions\/2172"}],"wp:attachment":[{"href":"http:\/\/evastudiorum.com\/wordpress\/et\/wp-json\/wp\/v2\/media?parent=1682"}],"curies":[{"name":"wp","href":"https:\/\/api.w.org\/{rel}","templated":true}]}}