{"id":1513,"date":"2019-01-31T13:25:35","date_gmt":"2019-01-31T13:25:35","guid":{"rendered":"http:\/\/www.evastudiorum.com\/?page_id=1513"},"modified":"2019-02-17T23:14:15","modified_gmt":"2019-02-17T23:14:15","slug":"minu-vaba-aeg-2","status":"publish","type":"page","link":"http:\/\/evastudiorum.com\/wordpress\/et\/minu-vaba-aeg-2\/","title":{"rendered":"Minu vaba aeg"},"content":{"rendered":"<p>Mul on v\u00e4ga aktiivne eluviis. S\u00fcdamega t\u00f6\u00f6tan Laulasmaa Koolis, Valgevene p\u00fchap\u00e4evakoolis ning alati leian aega tegeleda kultuuri valdkonnas. Minu deviisiks on P\u00fchaema\u00a0 Maria Teresa s\u00f5nad:<\/p>\n<p><strong><em>ELU<\/em><\/strong> \u2013 SEE ON V\u00d5IMALUS, \u00c4RGE\u00a0 LASKE SEDA K\u00c4EST!<\/p>\n<p><strong><em>ELU<\/em><\/strong> \u2013 SEE ON ILU, IMETLE SEDA.<\/p>\n<p><strong><em>ELU<\/em><\/strong> \u2013 SEE ON UNISTUS, VII SEE T\u00c4IDE.<\/p>\n<p><strong><em>ELU<\/em><\/strong> \u2013 SEE ON KOHUSTUS, T\u00c4IDA SEDA.<\/p>\n<p><strong><em>ELU<\/em><\/strong> \u2013 SEE ON M\u00c4NG, M\u00c4NGI SEDA!<\/p>\n<p><strong><em>ELU<\/em><\/strong> \u2013 SEE ON ARMASTUS, SIIS ARMASTA!<\/p>\n<p><strong><em>ELU <\/em><\/strong>\u2013 SEE ON SALADUS, LAHENDA SEE.<\/p>\n<p><strong><em>ELU<\/em><\/strong> \u2013 SEE ON TRAG\u00d6\u00d6DIA, OLE SELLEST \u00dcLE!<\/p>\n<p><strong><em>ELU<\/em><\/strong> \u2013 SEE ON SEIKLUS, NAUDI SEDA!<\/p>\n<p><strong><em>ELU<\/em><\/strong> \u2013 SEE ON ELU, ELA SEDA!<\/p>\n<p><strong><em>ELU<\/em><\/strong> \u2013 SEE ON \u00d5NN, JUHATA\u00a0 OMA \u00d5NNE ISE!<\/p>\n<p><strong><em>ELU<\/em><\/strong> \u2013 SEE ON V\u00c4\u00c4RTUS, HOIA SEDA!<\/p>\n<p>Tundub, et mul on vaba aega v\u00e4he, siinsamas leian ma alati aega tegeleda oma hobiga, olla perega, nautida muusikat, k\u00e4sit\u00f6\u00f6 tegemist, \u00a0sporti ja koduseid\u00a0 t\u00f6id. Olen mitmekordne vanaema (5 lapselast), p\u00fchendan palju aega lastelastele. Iga n\u00e4dalavahetus k\u00e4ime koos nendega basseinis v\u00f5i uisutamas.<\/p>\n<p><a href=\"http:\/\/www.evastudiorum.com\/wordpress\/wp-content\/uploads\/2019\/02\/Uisutamine.jpg\"><img loading=\"lazy\" decoding=\"async\" class=\"size-medium wp-image-1653\" src=\"http:\/\/www.evastudiorum.com\/wordpress\/wp-content\/uploads\/2019\/02\/Uisutamine-225x300.jpg\" alt=\"\" width=\"225\" height=\"300\" srcset=\"http:\/\/evastudiorum.com\/wordpress\/wp-content\/uploads\/2019\/02\/Uisutamine-225x300.jpg 225w, http:\/\/evastudiorum.com\/wordpress\/wp-content\/uploads\/2019\/02\/Uisutamine-768x1024.jpg 768w, http:\/\/evastudiorum.com\/wordpress\/wp-content\/uploads\/2019\/02\/Uisutamine-113x150.jpg 113w\" sizes=\"auto, (max-width: 225px) 100vw, 225px\" \/><\/a><\/p>\n<p>Suvel veedame palju aega mere \u00e4\u00e4res, \u00f5nneks on meil meri l\u00e4hedal. Vabaaja tegevus s\u00f5ltub v\u00e4ga palju aasta ajast. Elame omas majas, kus on suur aed. Kevadel on mul p\u00f5hiliseks tegevuseks aiat\u00f6\u00f6: istutamine, rohimine, kastmine, muru niitmine.<\/p>\n<p><a href=\"http:\/\/www.evastudiorum.com\/wordpress\/wp-content\/uploads\/2019\/02\/Koduaias-vabal-ajal.jpg\"><img loading=\"lazy\" decoding=\"async\" class=\"size-medium wp-image-1646\" src=\"http:\/\/www.evastudiorum.com\/wordpress\/wp-content\/uploads\/2019\/02\/Koduaias-vabal-ajal-300x225.jpg\" alt=\"\" width=\"300\" height=\"225\" srcset=\"http:\/\/evastudiorum.com\/wordpress\/wp-content\/uploads\/2019\/02\/Koduaias-vabal-ajal-300x225.jpg 300w, http:\/\/evastudiorum.com\/wordpress\/wp-content\/uploads\/2019\/02\/Koduaias-vabal-ajal-768x576.jpg 768w, http:\/\/evastudiorum.com\/wordpress\/wp-content\/uploads\/2019\/02\/Koduaias-vabal-ajal-1024x768.jpg 1024w, http:\/\/evastudiorum.com\/wordpress\/wp-content\/uploads\/2019\/02\/Koduaias-vabal-ajal-200x150.jpg 200w, http:\/\/evastudiorum.com\/wordpress\/wp-content\/uploads\/2019\/02\/Koduaias-vabal-ajal-150x113.jpg 150w, http:\/\/evastudiorum.com\/wordpress\/wp-content\/uploads\/2019\/02\/Koduaias-vabal-ajal.jpg 1280w\" sizes=\"auto, (max-width: 300px) 100vw, 300px\" \/><\/a><\/p>\n<p>See on v\u00e4ga tervislik, kuna palju aega veedan v\u00e4rskes \u00f5hus. Kevadet armastan ma v\u00e4ga, heameelega tegutsen oma lilleaias. S\u00fcgisel \u2013 lehtede riisumine, saagi korjamine ja talveks hoidiste sisse tegemine. Lemmik tegevus s\u00fcgisel seenel k\u00e4imine.<\/p>\n<p>Talvel on lemmik tegevus \u2013 suusatamine, lume rookimine ja lumega tegelemine: lumememme ehitamine, kasvuhoonete t\u00e4itmine lumega.<\/p>\n<p><a href=\"http:\/\/www.evastudiorum.com\/wordpress\/wp-content\/uploads\/2019\/02\/Tegevus-talvel-pilt.jpg\"><img loading=\"lazy\" decoding=\"async\" class=\"size-medium wp-image-1647\" src=\"http:\/\/www.evastudiorum.com\/wordpress\/wp-content\/uploads\/2019\/02\/Tegevus-talvel-pilt-300x225.jpg\" alt=\"\" width=\"300\" height=\"225\" srcset=\"http:\/\/evastudiorum.com\/wordpress\/wp-content\/uploads\/2019\/02\/Tegevus-talvel-pilt-300x225.jpg 300w, http:\/\/evastudiorum.com\/wordpress\/wp-content\/uploads\/2019\/02\/Tegevus-talvel-pilt-768x576.jpg 768w, http:\/\/evastudiorum.com\/wordpress\/wp-content\/uploads\/2019\/02\/Tegevus-talvel-pilt-1024x768.jpg 1024w, http:\/\/evastudiorum.com\/wordpress\/wp-content\/uploads\/2019\/02\/Tegevus-talvel-pilt-200x150.jpg 200w, http:\/\/evastudiorum.com\/wordpress\/wp-content\/uploads\/2019\/02\/Tegevus-talvel-pilt-150x113.jpg 150w\" sizes=\"auto, (max-width: 300px) 100vw, 300px\" \/><\/a><\/p>\n<p>Talve\u00f5htud p\u00fchendan raamatutele ja ajalehtede lugemisele, ning kudumisele ja k\u00e4sit\u00f6\u00f6le.<a href=\"http:\/\/www.evastudiorum.com\/wordpress\/wp-content\/uploads\/2019\/02\/Tegelen-k\u00e4sit\u00f6\u00f6ga-001.jpg\"><img loading=\"lazy\" decoding=\"async\" class=\"alignleft size-medium wp-image-1655\" src=\"http:\/\/www.evastudiorum.com\/wordpress\/wp-content\/uploads\/2019\/02\/Tegelen-k\u00e4sit\u00f6\u00f6ga-001-300x219.jpg\" alt=\"\" width=\"300\" height=\"219\" srcset=\"http:\/\/evastudiorum.com\/wordpress\/wp-content\/uploads\/2019\/02\/Tegelen-k\u00e4sit\u00f6\u00f6ga-001-300x219.jpg 300w, http:\/\/evastudiorum.com\/wordpress\/wp-content\/uploads\/2019\/02\/Tegelen-k\u00e4sit\u00f6\u00f6ga-001-768x559.jpg 768w, http:\/\/evastudiorum.com\/wordpress\/wp-content\/uploads\/2019\/02\/Tegelen-k\u00e4sit\u00f6\u00f6ga-001-1024x746.jpg 1024w, http:\/\/evastudiorum.com\/wordpress\/wp-content\/uploads\/2019\/02\/Tegelen-k\u00e4sit\u00f6\u00f6ga-001-206x150.jpg 206w, http:\/\/evastudiorum.com\/wordpress\/wp-content\/uploads\/2019\/02\/Tegelen-k\u00e4sit\u00f6\u00f6ga-001-150x109.jpg 150w\" sizes=\"auto, (max-width: 300px) 100vw, 300px\" \/><\/a><\/p>\n<p>&nbsp;<\/p>\n<p>&nbsp;<\/p>\n<p>&nbsp;<\/p>\n<p>&nbsp;<\/p>\n<p>&nbsp;<\/p>\n<p>Minul on v\u00e4ga huvitav hobi \u2013 tasside kogumine. Igalt reisilt toon tassi. Minu kollektsioonis on hetkel 109 tassi. Olen isegi korraldanud Saue raamatukogus tasside n\u00e4itust, kus avamisel esinesid ka minu Laulasmaaa kooli \u00f5pilased, oli palju k\u00fclalisi. N\u00e4itust eksponeeriti poolteist kuud. K\u00fclaliste raamatusse kirjutati palju h\u00e4id s\u00f5nu.\u00a0 Siin on\u00a0<a href=\"http:\/\/www.evastudiorum.com\/wordpress\/wp-content\/uploads\/2019\/02\/kutse-n\u00e4itusele-tassid-1.doc\">kutse n\u00e4itusele tassid <\/a><\/p>\n<p>Minu hobist v\u00f5ib teha j\u00e4reldusi, et ma ka reisin palju. Kaugemad reisid toimuvad alati suvel. Minu abikaasa on ka v\u00e4ga suur reisihuviline ja hea autojuht. K\u00e4ime alati reisil autoga. Meie reiside eesm\u00e4rk \u2013 rohkem n\u00e4ha. Enne sihtkohta j\u00f5udmiseni, k\u00fclastame erinevaid paiku, naudime vaatamisv\u00e4\u00e4rsusierinevatel maadel. Oleme k\u00e4inud Itaalias, Saksamaal,\u00a0Bulgaarias, Hungaris, Rumeenias, Poolas, T\u0161ehhis,Venemaal<span style=\"font-size: 16px; background-color: #ffffff;\">, Ukrainas.<\/span><\/p>\n<p><a href=\"http:\/\/www.evastudiorum.com\/wordpress\/wp-content\/uploads\/2019\/02\/Reisimine-1.jpg\"><img loading=\"lazy\" decoding=\"async\" class=\"alignleft wp-image-1650\" src=\"http:\/\/www.evastudiorum.com\/wordpress\/wp-content\/uploads\/2019\/02\/Reisimine-1-225x300.jpg\" alt=\"\" width=\"215\" height=\"287\" srcset=\"http:\/\/evastudiorum.com\/wordpress\/wp-content\/uploads\/2019\/02\/Reisimine-1-225x300.jpg 225w, http:\/\/evastudiorum.com\/wordpress\/wp-content\/uploads\/2019\/02\/Reisimine-1-768x1024.jpg 768w, http:\/\/evastudiorum.com\/wordpress\/wp-content\/uploads\/2019\/02\/Reisimine-1-113x150.jpg 113w\" sizes=\"auto, (max-width: 215px) 100vw, 215px\" \/><\/a><\/p>\n<p><a href=\"http:\/\/www.evastudiorum.com\/wordpress\/wp-content\/uploads\/2019\/02\/Reisimine-kolleegidega.jpg\"><img loading=\"lazy\" decoding=\"async\" class=\" wp-image-1651\" src=\"http:\/\/www.evastudiorum.com\/wordpress\/wp-content\/uploads\/2019\/02\/Reisimine-kolleegidega-300x225.jpg\" alt=\"\" width=\"360\" height=\"270\" srcset=\"http:\/\/evastudiorum.com\/wordpress\/wp-content\/uploads\/2019\/02\/Reisimine-kolleegidega-300x225.jpg 300w, http:\/\/evastudiorum.com\/wordpress\/wp-content\/uploads\/2019\/02\/Reisimine-kolleegidega-768x576.jpg 768w, http:\/\/evastudiorum.com\/wordpress\/wp-content\/uploads\/2019\/02\/Reisimine-kolleegidega-1024x768.jpg 1024w, http:\/\/evastudiorum.com\/wordpress\/wp-content\/uploads\/2019\/02\/Reisimine-kolleegidega-200x150.jpg 200w, http:\/\/evastudiorum.com\/wordpress\/wp-content\/uploads\/2019\/02\/Reisimine-kolleegidega-150x113.jpg 150w\" sizes=\"auto, (max-width: 360px) 100vw, 360px\" \/><\/a><\/p>\n<p><a href=\"http:\/\/www.evastudiorum.com\/wordpress\/wp-content\/uploads\/2019\/02\/Ukraina-pildid-213.jpg\"><img loading=\"lazy\" decoding=\"async\" class=\"wp-image-1648 aligncenter\" src=\"http:\/\/www.evastudiorum.com\/wordpress\/wp-content\/uploads\/2019\/02\/Ukraina-pildid-213-300x225.jpg\" alt=\"\" width=\"298\" height=\"223\" srcset=\"http:\/\/evastudiorum.com\/wordpress\/wp-content\/uploads\/2019\/02\/Ukraina-pildid-213-300x225.jpg 300w, http:\/\/evastudiorum.com\/wordpress\/wp-content\/uploads\/2019\/02\/Ukraina-pildid-213-768x576.jpg 768w, http:\/\/evastudiorum.com\/wordpress\/wp-content\/uploads\/2019\/02\/Ukraina-pildid-213-1024x768.jpg 1024w, http:\/\/evastudiorum.com\/wordpress\/wp-content\/uploads\/2019\/02\/Ukraina-pildid-213-200x150.jpg 200w, http:\/\/evastudiorum.com\/wordpress\/wp-content\/uploads\/2019\/02\/Ukraina-pildid-213-150x113.jpg 150w\" sizes=\"auto, (max-width: 298px) 100vw, 298px\" \/><\/a><\/p>\n<p><a href=\"http:\/\/www.evastudiorum.com\/wordpress\/wp-content\/uploads\/2019\/02\/Reisimine-2.jpg\"><img loading=\"lazy\" decoding=\"async\" class=\"size-medium wp-image-1649 aligncenter\" src=\"http:\/\/www.evastudiorum.com\/wordpress\/wp-content\/uploads\/2019\/02\/Reisimine-2-300x225.jpg\" alt=\"\" width=\"300\" height=\"225\" srcset=\"http:\/\/evastudiorum.com\/wordpress\/wp-content\/uploads\/2019\/02\/Reisimine-2-300x225.jpg 300w, http:\/\/evastudiorum.com\/wordpress\/wp-content\/uploads\/2019\/02\/Reisimine-2-768x576.jpg 768w, http:\/\/evastudiorum.com\/wordpress\/wp-content\/uploads\/2019\/02\/Reisimine-2-1024x768.jpg 1024w, http:\/\/evastudiorum.com\/wordpress\/wp-content\/uploads\/2019\/02\/Reisimine-2-200x150.jpg 200w, http:\/\/evastudiorum.com\/wordpress\/wp-content\/uploads\/2019\/02\/Reisimine-2-150x113.jpg 150w\" sizes=\"auto, (max-width: 300px) 100vw, 300px\" \/><\/a><\/p>\n<p>Oma kodumaad Valgevenet k\u00fclastame mitu korda aastas, sest seal on maetud meie vanemad, seal on sugulasi ja palju s\u00f5pru. Alati v\u00f5tame kaasa lapselapsi, et nemad teavad ka, kust on nende juured.<a href=\"http:\/\/www.evastudiorum.com\/wordpress\/wp-content\/uploads\/2019\/02\/Valgevenes.jpg\"><img loading=\"lazy\" decoding=\"async\" class=\"alignleft size-medium wp-image-1654\" src=\"http:\/\/www.evastudiorum.com\/wordpress\/wp-content\/uploads\/2019\/02\/Valgevenes-169x300.jpg\" alt=\"\" width=\"169\" height=\"300\" srcset=\"http:\/\/evastudiorum.com\/wordpress\/wp-content\/uploads\/2019\/02\/Valgevenes-169x300.jpg 169w, http:\/\/evastudiorum.com\/wordpress\/wp-content\/uploads\/2019\/02\/Valgevenes-768x1365.jpg 768w, http:\/\/evastudiorum.com\/wordpress\/wp-content\/uploads\/2019\/02\/Valgevenes-576x1024.jpg 576w, http:\/\/evastudiorum.com\/wordpress\/wp-content\/uploads\/2019\/02\/Valgevenes-84x150.jpg 84w, http:\/\/evastudiorum.com\/wordpress\/wp-content\/uploads\/2019\/02\/Valgevenes.jpg 1836w\" sizes=\"auto, (max-width: 169px) 100vw, 169px\" \/><\/a><\/p>\n<p>&nbsp;<\/p>\n<p>&nbsp;<\/p>\n<p>&nbsp;<\/p>\n<p>&nbsp;<\/p>\n<p>&nbsp;<\/p>\n<p>&nbsp;<\/p>\n<p>Meile meeldib ka m\u00f6\u00f6da Eestit reisida, k\u00fclastada ilusaid paiku. V\u00f5tame alati kaasa lapselapsi.<a href=\"http:\/\/www.evastudiorum.com\/wordpress\/wp-content\/uploads\/2019\/02\/pilt-Haapsalu.jpg\"><img loading=\"lazy\" decoding=\"async\" class=\"wp-image-1652 alignright\" src=\"http:\/\/www.evastudiorum.com\/wordpress\/wp-content\/uploads\/2019\/02\/pilt-Haapsalu-225x300.jpg\" alt=\"\" width=\"195\" height=\"260\" srcset=\"http:\/\/evastudiorum.com\/wordpress\/wp-content\/uploads\/2019\/02\/pilt-Haapsalu-225x300.jpg 225w, http:\/\/evastudiorum.com\/wordpress\/wp-content\/uploads\/2019\/02\/pilt-Haapsalu-768x1024.jpg 768w, http:\/\/evastudiorum.com\/wordpress\/wp-content\/uploads\/2019\/02\/pilt-Haapsalu-113x150.jpg 113w\" sizes=\"auto, (max-width: 195px) 100vw, 195px\" \/><\/a><\/p>\n<p><a href=\"http:\/\/www.evastudiorum.com\/wordpress\/wp-content\/uploads\/2019\/02\/Reisimine-Eestis.jpg\"><img loading=\"lazy\" decoding=\"async\" class=\" wp-image-1645\" src=\"http:\/\/www.evastudiorum.com\/wordpress\/wp-content\/uploads\/2019\/02\/Reisimine-Eestis-300x225.jpg\" alt=\"\" width=\"339\" height=\"254\" srcset=\"http:\/\/evastudiorum.com\/wordpress\/wp-content\/uploads\/2019\/02\/Reisimine-Eestis-300x225.jpg 300w, http:\/\/evastudiorum.com\/wordpress\/wp-content\/uploads\/2019\/02\/Reisimine-Eestis-768x576.jpg 768w, http:\/\/evastudiorum.com\/wordpress\/wp-content\/uploads\/2019\/02\/Reisimine-Eestis-1024x768.jpg 1024w, http:\/\/evastudiorum.com\/wordpress\/wp-content\/uploads\/2019\/02\/Reisimine-Eestis-200x150.jpg 200w, http:\/\/evastudiorum.com\/wordpress\/wp-content\/uploads\/2019\/02\/Reisimine-Eestis-150x113.jpg 150w\" sizes=\"auto, (max-width: 339px) 100vw, 339px\" \/><\/a><\/p>\n<p>Naudin bowlingud<a href=\"http:\/\/www.evastudiorum.com\/wordpress\/wp-content\/uploads\/2019\/02\/tegelen-spordiga-Bowling-001.jpg\"><img loading=\"lazy\" decoding=\"async\" class=\"alignleft size-medium wp-image-1642\" src=\"http:\/\/www.evastudiorum.com\/wordpress\/wp-content\/uploads\/2019\/02\/tegelen-spordiga-Bowling-001-300x219.jpg\" alt=\"\" width=\"300\" height=\"219\" srcset=\"http:\/\/evastudiorum.com\/wordpress\/wp-content\/uploads\/2019\/02\/tegelen-spordiga-Bowling-001-300x219.jpg 300w, http:\/\/evastudiorum.com\/wordpress\/wp-content\/uploads\/2019\/02\/tegelen-spordiga-Bowling-001-768x559.jpg 768w, http:\/\/evastudiorum.com\/wordpress\/wp-content\/uploads\/2019\/02\/tegelen-spordiga-Bowling-001-1024x746.jpg 1024w, http:\/\/evastudiorum.com\/wordpress\/wp-content\/uploads\/2019\/02\/tegelen-spordiga-Bowling-001-206x150.jpg 206w, http:\/\/evastudiorum.com\/wordpress\/wp-content\/uploads\/2019\/02\/tegelen-spordiga-Bowling-001-150x109.jpg 150w\" sizes=\"auto, (max-width: 300px) 100vw, 300px\" \/><\/a> ja ratsutamist.<\/p>\n<p><a href=\"http:\/\/www.evastudiorum.com\/wordpress\/wp-content\/uploads\/2019\/02\/ratsutamine-1.jpg\"><img loading=\"lazy\" decoding=\"async\" class=\"size-medium wp-image-1641\" src=\"http:\/\/www.evastudiorum.com\/wordpress\/wp-content\/uploads\/2019\/02\/ratsutamine-1-225x300.jpg\" alt=\"\" width=\"225\" height=\"300\" srcset=\"http:\/\/evastudiorum.com\/wordpress\/wp-content\/uploads\/2019\/02\/ratsutamine-1-225x300.jpg 225w, http:\/\/evastudiorum.com\/wordpress\/wp-content\/uploads\/2019\/02\/ratsutamine-1-768x1024.jpg 768w, http:\/\/evastudiorum.com\/wordpress\/wp-content\/uploads\/2019\/02\/ratsutamine-1-113x150.jpg 113w\" sizes=\"auto, (max-width: 225px) 100vw, 225px\" \/><\/a><\/p>\n<p>Olen l\u00e4binud langevarju h\u00fcppe koolituse ja teinud ka langevarju h\u00fcppe. Peale seda olin iseendaga v\u00e4ga rahul ja \u00f5nnelik.<\/p>\n<p><a href=\"http:\/\/www.evastudiorum.com\/wordpress\/wp-content\/uploads\/2019\/02\/Langevarjuga-h\u00fcppe-1.jpg\"><img loading=\"lazy\" decoding=\"async\" class=\"size-medium wp-image-1643\" src=\"http:\/\/www.evastudiorum.com\/wordpress\/wp-content\/uploads\/2019\/02\/Langevarjuga-h\u00fcppe-1-225x300.jpg\" alt=\"\" width=\"225\" height=\"300\" srcset=\"http:\/\/evastudiorum.com\/wordpress\/wp-content\/uploads\/2019\/02\/Langevarjuga-h\u00fcppe-1-225x300.jpg 225w, http:\/\/evastudiorum.com\/wordpress\/wp-content\/uploads\/2019\/02\/Langevarjuga-h\u00fcppe-1-768x1024.jpg 768w, http:\/\/evastudiorum.com\/wordpress\/wp-content\/uploads\/2019\/02\/Langevarjuga-h\u00fcppe-1-113x150.jpg 113w\" sizes=\"auto, (max-width: 225px) 100vw, 225px\" \/><\/a><\/p>\n<p>&nbsp;<\/p>\n<p><a href=\"http:\/\/www.evastudiorum.com\/wordpress\/wp-content\/uploads\/2019\/02\/Langevarjuga-h\u00fcppe-2.jpg\"><img loading=\"lazy\" decoding=\"async\" class=\"size-medium wp-image-1644\" src=\"http:\/\/www.evastudiorum.com\/wordpress\/wp-content\/uploads\/2019\/02\/Langevarjuga-h\u00fcppe-2-300x225.jpg\" alt=\"\" width=\"300\" height=\"225\" srcset=\"http:\/\/evastudiorum.com\/wordpress\/wp-content\/uploads\/2019\/02\/Langevarjuga-h\u00fcppe-2-300x225.jpg 300w, http:\/\/evastudiorum.com\/wordpress\/wp-content\/uploads\/2019\/02\/Langevarjuga-h\u00fcppe-2-768x576.jpg 768w, http:\/\/evastudiorum.com\/wordpress\/wp-content\/uploads\/2019\/02\/Langevarjuga-h\u00fcppe-2-1024x768.jpg 1024w, http:\/\/evastudiorum.com\/wordpress\/wp-content\/uploads\/2019\/02\/Langevarjuga-h\u00fcppe-2-200x150.jpg 200w, http:\/\/evastudiorum.com\/wordpress\/wp-content\/uploads\/2019\/02\/Langevarjuga-h\u00fcppe-2-150x113.jpg 150w\" sizes=\"auto, (max-width: 300px) 100vw, 300px\" \/><\/a><\/p>\n<p>Vabaaja tegevus annab alati head emotsioonid ja aitab eemale peletada stressi.<\/p>\n<p>&nbsp;<\/p>","protected":false},"excerpt":{"rendered":"<p>Mul on v\u00e4ga aktiivne eluviis. S\u00fcdamega t\u00f6\u00f6tan Laulasmaa Koolis, Valgevene \u2026 <a class=\"continue-reading-link\" href=\"http:\/\/evastudiorum.com\/wordpress\/et\/minu-vaba-aeg-2\/\">Loe edasi \/ \u0427\u0438\u0442\u0430\u0439 \u0434\u0430\u043b\u0435\u0435 <span class=\"meta-nav\">&rarr; <\/span><\/a><\/p>\n","protected":false},"author":1,"featured_media":0,"parent":0,"menu_order":0,"comment_status":"closed","ping_status":"closed","template":"","meta":{"footnotes":""},"class_list":["post-1513","page","type-page","status-publish","hentry"],"_links":{"self":[{"href":"http:\/\/evastudiorum.com\/wordpress\/et\/wp-json\/wp\/v2\/pages\/1513","targetHints":{"allow":["GET"]}}],"collection":[{"href":"http:\/\/evastudiorum.com\/wordpress\/et\/wp-json\/wp\/v2\/pages"}],"about":[{"href":"http:\/\/evastudiorum.com\/wordpress\/et\/wp-json\/wp\/v2\/types\/page"}],"author":[{"embeddable":true,"href":"http:\/\/evastudiorum.com\/wordpress\/et\/wp-json\/wp\/v2\/users\/1"}],"replies":[{"embeddable":true,"href":"http:\/\/evastudiorum.com\/wordpress\/et\/wp-json\/wp\/v2\/comments?post=1513"}],"version-history":[{"count":5,"href":"http:\/\/evastudiorum.com\/wordpress\/et\/wp-json\/wp\/v2\/pages\/1513\/revisions"}],"predecessor-version":[{"id":2230,"href":"http:\/\/evastudiorum.com\/wordpress\/et\/wp-json\/wp\/v2\/pages\/1513\/revisions\/2230"}],"wp:attachment":[{"href":"http:\/\/evastudiorum.com\/wordpress\/et\/wp-json\/wp\/v2\/media?parent=1513"}],"curies":[{"name":"wp","href":"https:\/\/api.w.org\/{rel}","templated":true}]}}