{"id":1503,"date":"2019-01-31T13:14:46","date_gmt":"2019-01-31T13:14:46","guid":{"rendered":"http:\/\/www.evastudiorum.com\/?page_id=1503"},"modified":"2019-02-15T18:41:20","modified_gmt":"2019-02-15T18:41:20","slug":"tanu","status":"publish","type":"page","link":"http:\/\/evastudiorum.com\/wordpress\/et\/tanu\/","title":{"rendered":"T\u00e4nu"},"content":{"rendered":"<p><strong><span style=\"color: #800080;\">Minu tegevust \u00f5petajana on tunnustatud paljude t\u00e4nukirjude ja tiitlitega. <\/span><\/strong><\/p>\n<p>2010.aastal olin Pu\u0161kini Preemia laureaat, kus olin tunnustatud Kultuuriministri poolt T\u00e4nukirjaga suure panuse eest vene keele ja kultuuri \u00f5petamisel Eestis.<a href=\"http:\/\/www.evastudiorum.com\/wordpress\/wp-content\/uploads\/2019\/02\/2010-Kultuuriminister-001.jpg\"><img loading=\"lazy\" decoding=\"async\" class=\"alignleft size-medium wp-image-2012\" src=\"http:\/\/www.evastudiorum.com\/wordpress\/wp-content\/uploads\/2019\/02\/2010-Kultuuriminister-001-219x300.jpg\" alt=\"\" width=\"219\" height=\"300\" srcset=\"http:\/\/evastudiorum.com\/wordpress\/wp-content\/uploads\/2019\/02\/2010-Kultuuriminister-001-219x300.jpg 219w, http:\/\/evastudiorum.com\/wordpress\/wp-content\/uploads\/2019\/02\/2010-Kultuuriminister-001-768x1054.jpg 768w, http:\/\/evastudiorum.com\/wordpress\/wp-content\/uploads\/2019\/02\/2010-Kultuuriminister-001-746x1024.jpg 746w, http:\/\/evastudiorum.com\/wordpress\/wp-content\/uploads\/2019\/02\/2010-Kultuuriminister-001-109x150.jpg 109w\" sizes=\"auto, (max-width: 219px) 100vw, 219px\" \/><\/a><\/p>\n<p>&nbsp;<\/p>\n<p>&nbsp;<\/p>\n<p>&nbsp;<\/p>\n<p>&nbsp;<\/p>\n<p>&nbsp;<\/p>\n<p>&nbsp;<\/p>\n<p>Samuti olin Pu\u0161kini Preemia laureaat 2012. aastal, kus olin tunnustatud T\u00e4nukirjaga \u201e\u0417\u0430 \u0432\u044b\u0434\u0430\u044e\u0449\u0438\u0435\u0441\u044f \u0434\u043e\u0441\u0442\u0438\u0436\u0435\u043d\u0438\u044f \u0432 \u043f\u0440\u0435\u043f\u043e\u0434\u0430\u0432\u0430\u043d\u0438\u0438 \u0440\u0443\u0441\u0441\u043a\u043e\u0433\u043e \u044f\u0437\u044b\u043a\u0430 \u0432 \u042d\u0441\u0442\u043e\u043d\u0438\u0438\u00bb.<\/p>\n<p><a href=\"http:\/\/www.evastudiorum.com\/wordpress\/wp-content\/uploads\/2019\/02\/Haridus-ja-Teadusministeerium-001.jpg\"><img loading=\"lazy\" decoding=\"async\" class=\"alignleft size-medium wp-image-2013\" src=\"http:\/\/www.evastudiorum.com\/wordpress\/wp-content\/uploads\/2019\/02\/Haridus-ja-Teadusministeerium-001-219x300.jpg\" alt=\"\" width=\"219\" height=\"300\" srcset=\"http:\/\/evastudiorum.com\/wordpress\/wp-content\/uploads\/2019\/02\/Haridus-ja-Teadusministeerium-001-219x300.jpg 219w, http:\/\/evastudiorum.com\/wordpress\/wp-content\/uploads\/2019\/02\/Haridus-ja-Teadusministeerium-001-768x1054.jpg 768w, http:\/\/evastudiorum.com\/wordpress\/wp-content\/uploads\/2019\/02\/Haridus-ja-Teadusministeerium-001-746x1024.jpg 746w, http:\/\/evastudiorum.com\/wordpress\/wp-content\/uploads\/2019\/02\/Haridus-ja-Teadusministeerium-001-109x150.jpg 109w\" sizes=\"auto, (max-width: 219px) 100vw, 219px\" \/><\/a><\/p>\n<p>Haridus -ja Teadusministeerium t\u00e4nas mind pikaaegse ja p\u00fchendunud t\u00f6\u00f6 eest Tabasalu \u00dchisg\u00fcmnaasiumis T\u00e4nukirjaga.<\/p>\n<p>&nbsp;<\/p>\n<p>&nbsp;<\/p>\n<p>&nbsp;<\/p>\n<p>&nbsp;<\/p>\n<p>&nbsp;<\/p>\n<p>&nbsp;<\/p>\n<p><a href=\"http:\/\/www.evastudiorum.com\/wordpress\/wp-content\/uploads\/2019\/02\/V\u00f5s-t\u00e4nukiri-001.jpg\"><img loading=\"lazy\" decoding=\"async\" class=\"alignleft size-medium wp-image-2014\" src=\"http:\/\/www.evastudiorum.com\/wordpress\/wp-content\/uploads\/2019\/02\/V\u00f5s-t\u00e4nukiri-001-219x300.jpg\" alt=\"\" width=\"219\" height=\"300\" srcset=\"http:\/\/evastudiorum.com\/wordpress\/wp-content\/uploads\/2019\/02\/V\u00f5s-t\u00e4nukiri-001-219x300.jpg 219w, http:\/\/evastudiorum.com\/wordpress\/wp-content\/uploads\/2019\/02\/V\u00f5s-t\u00e4nukiri-001-768x1054.jpg 768w, http:\/\/evastudiorum.com\/wordpress\/wp-content\/uploads\/2019\/02\/V\u00f5s-t\u00e4nukiri-001-746x1024.jpg 746w, http:\/\/evastudiorum.com\/wordpress\/wp-content\/uploads\/2019\/02\/V\u00f5s-t\u00e4nukiri-001-109x150.jpg 109w\" sizes=\"auto, (max-width: 219px) 100vw, 219px\" \/><\/a><\/p>\n<p>2013. aastal Vene keele \u00d5petajate Selts t\u00e4nas tehtud t\u00f6\u00f6 eest vene keele arendamisel<\/p>\n<p>&nbsp;<\/p>\n<p>&nbsp;<\/p>\n<p>&nbsp;<\/p>\n<p>&nbsp;<\/p>\n<p>&nbsp;<\/p>\n<p>&nbsp;<\/p>\n<p><a href=\"http:\/\/www.evastudiorum.com\/wordpress\/wp-content\/uploads\/2019\/02\/Hol-t\u00e4nukaart-001.jpg\"><img loading=\"lazy\" decoding=\"async\" class=\"alignleft size-medium wp-image-2016\" src=\"http:\/\/www.evastudiorum.com\/wordpress\/wp-content\/uploads\/2019\/02\/Hol-t\u00e4nukaart-001-300x219.jpg\" alt=\"\" width=\"300\" height=\"219\" srcset=\"http:\/\/evastudiorum.com\/wordpress\/wp-content\/uploads\/2019\/02\/Hol-t\u00e4nukaart-001-300x219.jpg 300w, http:\/\/evastudiorum.com\/wordpress\/wp-content\/uploads\/2019\/02\/Hol-t\u00e4nukaart-001-768x559.jpg 768w, http:\/\/evastudiorum.com\/wordpress\/wp-content\/uploads\/2019\/02\/Hol-t\u00e4nukaart-001-1024x746.jpg 1024w, http:\/\/evastudiorum.com\/wordpress\/wp-content\/uploads\/2019\/02\/Hol-t\u00e4nukaart-001-206x150.jpg 206w, http:\/\/evastudiorum.com\/wordpress\/wp-content\/uploads\/2019\/02\/Hol-t\u00e4nukaart-001-150x109.jpg 150w\" sizes=\"auto, (max-width: 300px) 100vw, 300px\" \/><\/a><\/p>\n<p>T\u00e4nu\u00fcritusel Vene Teatris mais.2018 Hol t\u00e4nas mind meeldiva koost\u00f6\u00f6 eest<\/p>\n<p>&nbsp;<\/p>\n<p>&nbsp;<\/p>\n<p>&nbsp;<\/p>\n<p>&nbsp;<\/p>\n<p>Harku Vald t\u00e4nas ka \u00f5pilaste eduka\u00a0 juhendamise eest ol\u00fcmpiaadidel.<\/p>\n<p><a href=\"http:\/\/www.evastudiorum.com\/wordpress\/wp-content\/uploads\/2019\/02\/Harku-Vald-2010-001.jpg\"><img loading=\"lazy\" decoding=\"async\" class=\"alignleft size-medium wp-image-2017\" src=\"http:\/\/www.evastudiorum.com\/wordpress\/wp-content\/uploads\/2019\/02\/Harku-Vald-2010-001-219x300.jpg\" alt=\"\" width=\"219\" height=\"300\" srcset=\"http:\/\/evastudiorum.com\/wordpress\/wp-content\/uploads\/2019\/02\/Harku-Vald-2010-001-219x300.jpg 219w, http:\/\/evastudiorum.com\/wordpress\/wp-content\/uploads\/2019\/02\/Harku-Vald-2010-001-768x1054.jpg 768w, http:\/\/evastudiorum.com\/wordpress\/wp-content\/uploads\/2019\/02\/Harku-Vald-2010-001-746x1024.jpg 746w, http:\/\/evastudiorum.com\/wordpress\/wp-content\/uploads\/2019\/02\/Harku-Vald-2010-001-109x150.jpg 109w\" sizes=\"auto, (max-width: 219px) 100vw, 219px\" \/><\/a><\/p>\n<p><a href=\"http:\/\/www.evastudiorum.com\/wordpress\/wp-content\/uploads\/2019\/02\/Harku-vald-001.jpg\"><img loading=\"lazy\" decoding=\"async\" class=\"alignleft size-medium wp-image-2018\" src=\"http:\/\/www.evastudiorum.com\/wordpress\/wp-content\/uploads\/2019\/02\/Harku-vald-001-219x300.jpg\" alt=\"\" width=\"219\" height=\"300\" srcset=\"http:\/\/evastudiorum.com\/wordpress\/wp-content\/uploads\/2019\/02\/Harku-vald-001-219x300.jpg 219w, http:\/\/evastudiorum.com\/wordpress\/wp-content\/uploads\/2019\/02\/Harku-vald-001-768x1054.jpg 768w, http:\/\/evastudiorum.com\/wordpress\/wp-content\/uploads\/2019\/02\/Harku-vald-001-746x1024.jpg 746w, http:\/\/evastudiorum.com\/wordpress\/wp-content\/uploads\/2019\/02\/Harku-vald-001-109x150.jpg 109w\" sizes=\"auto, (max-width: 219px) 100vw, 219px\" \/><\/a><\/p>\n<p>&nbsp;<\/p>\n<p>&nbsp;<\/p>\n<p>&nbsp;<\/p>\n<p>&nbsp;<\/p>\n<p>&nbsp;<\/p>\n<p>&nbsp;<\/p>\n<p>&nbsp;<\/p>\n<p>Minu t\u00f6\u00f6 Laulasmaa Koolis oli hinnatud Keila Valla poolt oktoobris 2017<\/p>\n<p><a href=\"http:\/\/www.evastudiorum.com\/wordpress\/wp-content\/uploads\/2019\/02\/Keila-vald-001.jpg\"><img loading=\"lazy\" decoding=\"async\" class=\"alignleft size-medium wp-image-2019\" src=\"http:\/\/www.evastudiorum.com\/wordpress\/wp-content\/uploads\/2019\/02\/Keila-vald-001-219x300.jpg\" alt=\"\" width=\"219\" height=\"300\" srcset=\"http:\/\/evastudiorum.com\/wordpress\/wp-content\/uploads\/2019\/02\/Keila-vald-001-219x300.jpg 219w, http:\/\/evastudiorum.com\/wordpress\/wp-content\/uploads\/2019\/02\/Keila-vald-001-768x1054.jpg 768w, http:\/\/evastudiorum.com\/wordpress\/wp-content\/uploads\/2019\/02\/Keila-vald-001-746x1024.jpg 746w, http:\/\/evastudiorum.com\/wordpress\/wp-content\/uploads\/2019\/02\/Keila-vald-001-109x150.jpg 109w\" sizes=\"auto, (max-width: 219px) 100vw, 219px\" \/><\/a><\/p>\n<p>&nbsp;<\/p>\n<p>&nbsp;<\/p>\n<p>&nbsp;<\/p>\n<p>&nbsp;<\/p>\n<p>&nbsp;<\/p>\n<p>&nbsp;<\/p>\n<p>\u00dcrituste korraldamise eest, \u00f5pilaste edukas juhendamise eest ja Rahvusvahelise projekti &#8220;S\u00f5pruskoolid&#8221; eestvedamise eest oktoobris 2018 T\u00e4nukiri L\u00e4\u00e4ne-Harju Valla poolt. Laulasmaa Kool t\u00e4nas juunis 2018 t\u00e4nukirjaga &#8220;Niina Peerna 2017-2018 \u00f5ppeaasta arendaja&#8221;<\/p>\n<p><a href=\"http:\/\/www.evastudiorum.com\/wordpress\/wp-content\/uploads\/2019\/02\/L\u00e4\u00e4ne-Harju-vald-001.jpg\"><img loading=\"lazy\" decoding=\"async\" class=\"alignleft size-medium wp-image-2020\" src=\"http:\/\/www.evastudiorum.com\/wordpress\/wp-content\/uploads\/2019\/02\/L\u00e4\u00e4ne-Harju-vald-001-219x300.jpg\" alt=\"\" width=\"219\" height=\"300\" srcset=\"http:\/\/evastudiorum.com\/wordpress\/wp-content\/uploads\/2019\/02\/L\u00e4\u00e4ne-Harju-vald-001-219x300.jpg 219w, http:\/\/evastudiorum.com\/wordpress\/wp-content\/uploads\/2019\/02\/L\u00e4\u00e4ne-Harju-vald-001-768x1054.jpg 768w, http:\/\/evastudiorum.com\/wordpress\/wp-content\/uploads\/2019\/02\/L\u00e4\u00e4ne-Harju-vald-001-746x1024.jpg 746w, http:\/\/evastudiorum.com\/wordpress\/wp-content\/uploads\/2019\/02\/L\u00e4\u00e4ne-Harju-vald-001-109x150.jpg 109w\" sizes=\"auto, (max-width: 219px) 100vw, 219px\" \/><\/a><\/p>\n<p><a href=\"http:\/\/www.evastudiorum.com\/wordpress\/wp-content\/uploads\/2019\/02\/Laulasmaa-kool-001.jpg\"><img loading=\"lazy\" decoding=\"async\" class=\"alignleft size-medium wp-image-2021\" src=\"http:\/\/www.evastudiorum.com\/wordpress\/wp-content\/uploads\/2019\/02\/Laulasmaa-kool-001-219x300.jpg\" alt=\"\" width=\"219\" height=\"300\" srcset=\"http:\/\/evastudiorum.com\/wordpress\/wp-content\/uploads\/2019\/02\/Laulasmaa-kool-001-219x300.jpg 219w, http:\/\/evastudiorum.com\/wordpress\/wp-content\/uploads\/2019\/02\/Laulasmaa-kool-001-768x1054.jpg 768w, http:\/\/evastudiorum.com\/wordpress\/wp-content\/uploads\/2019\/02\/Laulasmaa-kool-001-746x1024.jpg 746w, http:\/\/evastudiorum.com\/wordpress\/wp-content\/uploads\/2019\/02\/Laulasmaa-kool-001-109x150.jpg 109w\" sizes=\"auto, (max-width: 219px) 100vw, 219px\" \/><\/a><\/p>\n<p><a href=\"http:\/\/www.evastudiorum.com\/wordpress\/wp-content\/uploads\/2019\/02\/T\u00dcG-t\u00e4nukiri-001.jpg\"><img loading=\"lazy\" decoding=\"async\" class=\"alignleft size-medium wp-image-2126\" src=\"http:\/\/www.evastudiorum.com\/wordpress\/wp-content\/uploads\/2019\/02\/T\u00dcG-t\u00e4nukiri-001-219x300.jpg\" alt=\"\" width=\"219\" height=\"300\" srcset=\"http:\/\/evastudiorum.com\/wordpress\/wp-content\/uploads\/2019\/02\/T\u00dcG-t\u00e4nukiri-001-219x300.jpg 219w, http:\/\/evastudiorum.com\/wordpress\/wp-content\/uploads\/2019\/02\/T\u00dcG-t\u00e4nukiri-001-768x1054.jpg 768w, http:\/\/evastudiorum.com\/wordpress\/wp-content\/uploads\/2019\/02\/T\u00dcG-t\u00e4nukiri-001-746x1024.jpg 746w, http:\/\/evastudiorum.com\/wordpress\/wp-content\/uploads\/2019\/02\/T\u00dcG-t\u00e4nukiri-001-109x150.jpg 109w\" sizes=\"auto, (max-width: 219px) 100vw, 219px\" \/><\/a><\/p>\n<p>&nbsp;<\/p>\n<p>&nbsp;<\/p>\n<p>&nbsp;<\/p>\n<p>&nbsp;<\/p>\n<p>&nbsp;<\/p>\n<p>&nbsp;<\/p>\n<p>&nbsp;<\/p>\n<p><a href=\"http:\/\/www.evastudiorum.com\/wordpress\/wp-content\/uploads\/2019\/02\/T\u00dcG-T\u00e4nukiri-001.jpg\"><img loading=\"lazy\" decoding=\"async\" class=\"alignleft size-medium wp-image-2177\" src=\"http:\/\/www.evastudiorum.com\/wordpress\/wp-content\/uploads\/2019\/02\/T\u00dcG-T\u00e4nukiri-001-219x300.jpg\" alt=\"\" width=\"219\" height=\"300\" srcset=\"http:\/\/evastudiorum.com\/wordpress\/wp-content\/uploads\/2019\/02\/T\u00dcG-T\u00e4nukiri-001-219x300.jpg 219w, http:\/\/evastudiorum.com\/wordpress\/wp-content\/uploads\/2019\/02\/T\u00dcG-T\u00e4nukiri-001-768x1054.jpg 768w, http:\/\/evastudiorum.com\/wordpress\/wp-content\/uploads\/2019\/02\/T\u00dcG-T\u00e4nukiri-001-746x1024.jpg 746w, http:\/\/evastudiorum.com\/wordpress\/wp-content\/uploads\/2019\/02\/T\u00dcG-T\u00e4nukiri-001-109x150.jpg 109w\" sizes=\"auto, (max-width: 219px) 100vw, 219px\" \/><\/a><\/p>\n<p>&nbsp;<\/p>\n<p>&nbsp;<\/p>\n<p>&nbsp;<\/p>\n<p>&nbsp;<\/p>\n<p>&nbsp;<\/p>\n<p>&nbsp;<\/p>\n<p>&nbsp;<\/p>\n<p>\u00dching &#8220;\u0420\u0443\u0441\u0441\u043a\u0430\u044f \u043a\u043d\u0438\u0433\u0430&#8221; Eestis hindas\u00a0 minu pedagoogilist tegevust ja andis mulle &#8220;Kuldsa&#8221; liige staatust.\u00a0<a href=\"http:\/\/www.evastudiorum.com\/wordpress\/wp-content\/uploads\/2019\/02\/\u00dching-Vene-raamat-001.jpg\"><img loading=\"lazy\" decoding=\"async\" class=\"alignleft size-medium wp-image-2025\" src=\"http:\/\/www.evastudiorum.com\/wordpress\/wp-content\/uploads\/2019\/02\/\u00dching-Vene-raamat-001-219x300.jpg\" alt=\"\" width=\"219\" height=\"300\" srcset=\"http:\/\/evastudiorum.com\/wordpress\/wp-content\/uploads\/2019\/02\/\u00dching-Vene-raamat-001-219x300.jpg 219w, http:\/\/evastudiorum.com\/wordpress\/wp-content\/uploads\/2019\/02\/\u00dching-Vene-raamat-001-768x1054.jpg 768w, http:\/\/evastudiorum.com\/wordpress\/wp-content\/uploads\/2019\/02\/\u00dching-Vene-raamat-001-746x1024.jpg 746w, http:\/\/evastudiorum.com\/wordpress\/wp-content\/uploads\/2019\/02\/\u00dching-Vene-raamat-001-109x150.jpg 109w\" sizes=\"auto, (max-width: 219px) 100vw, 219px\" \/><\/a><\/p>\n<p>&nbsp;<\/p>\n<p>&nbsp;<\/p>\n<p>&nbsp;<\/p>\n<p>&nbsp;<\/p>\n<p>&nbsp;<\/p>\n<p>&nbsp;<\/p>\n<p>V\u00e4ga suure hinnangu minu t\u00f6\u00f6le rahvusvahelisel tasemel on andnud Valgevene Vabariigi V\u00e4lisministeerium, Kultuuriministeerium, Eesti Suursaatkond Moskvas, Valgevene Saatkond Eestis..<\/p>\n<p>Tunnistused on E-portfoolio rubriigis &#8220;Minu kultuuri arendust\u00f6\u00f6&#8221;<\/p>\n<p>&nbsp;<\/p>\n<p>&nbsp;<\/p>\n<p>&nbsp;<\/p>\n<p>&nbsp;<\/p>\n<p>&nbsp;<\/p>\n<p>&nbsp;<\/p>\n<p>&nbsp;<\/p>\n<p>&nbsp;<\/p>\n<p>&nbsp;<\/p>\n<p>&nbsp;<\/p>\n<p>&nbsp;<\/p>\n<p>&nbsp;<\/p>\n<p>&nbsp;<\/p>\n<p>&nbsp;<\/p>\n<p>&nbsp;<\/p>\n<p>&nbsp;<\/p>\n<p>&nbsp;<\/p>\n<p>&nbsp;<\/p>\n<p>&nbsp;<\/p>","protected":false},"excerpt":{"rendered":"<p>Minu tegevust \u00f5petajana on tunnustatud paljude t\u00e4nukirjude ja tiitlitega. 2010.aastal \u2026 <a class=\"continue-reading-link\" href=\"http:\/\/evastudiorum.com\/wordpress\/et\/tanu\/\">Loe edasi \/ \u0427\u0438\u0442\u0430\u0439 \u0434\u0430\u043b\u0435\u0435 <span class=\"meta-nav\">&rarr; <\/span><\/a><\/p>\n","protected":false},"author":1,"featured_media":0,"parent":0,"menu_order":0,"comment_status":"closed","ping_status":"closed","template":"","meta":{"footnotes":""},"class_list":["post-1503","page","type-page","status-publish","hentry"],"_links":{"self":[{"href":"http:\/\/evastudiorum.com\/wordpress\/et\/wp-json\/wp\/v2\/pages\/1503","targetHints":{"allow":["GET"]}}],"collection":[{"href":"http:\/\/evastudiorum.com\/wordpress\/et\/wp-json\/wp\/v2\/pages"}],"about":[{"href":"http:\/\/evastudiorum.com\/wordpress\/et\/wp-json\/wp\/v2\/types\/page"}],"author":[{"embeddable":true,"href":"http:\/\/evastudiorum.com\/wordpress\/et\/wp-json\/wp\/v2\/users\/1"}],"replies":[{"embeddable":true,"href":"http:\/\/evastudiorum.com\/wordpress\/et\/wp-json\/wp\/v2\/comments?post=1503"}],"version-history":[{"count":5,"href":"http:\/\/evastudiorum.com\/wordpress\/et\/wp-json\/wp\/v2\/pages\/1503\/revisions"}],"predecessor-version":[{"id":2178,"href":"http:\/\/evastudiorum.com\/wordpress\/et\/wp-json\/wp\/v2\/pages\/1503\/revisions\/2178"}],"wp:attachment":[{"href":"http:\/\/evastudiorum.com\/wordpress\/et\/wp-json\/wp\/v2\/media?parent=1503"}],"curies":[{"name":"wp","href":"https:\/\/api.w.org\/{rel}","templated":true}]}}