{"id":1439,"date":"2019-01-31T12:10:12","date_gmt":"2019-01-31T12:10:12","guid":{"rendered":"http:\/\/www.evastudiorum.com\/?page_id=1439"},"modified":"2019-02-14T18:19:10","modified_gmt":"2019-02-14T18:19:10","slug":"refleksioon-ja-professionaalne-enesearendamine","status":"publish","type":"page","link":"http:\/\/evastudiorum.com\/wordpress\/et\/refleksioon-ja-professionaalne-enesearendamine\/","title":{"rendered":"Refleksioon ja professionaalne enesearendamine"},"content":{"rendered":"<p><strong><span style=\"color: #800080;\">Refleksioon ja professionaalne enesearendamine<\/span><\/strong><\/p>\n<p><strong>\u00a0<\/strong><strong>\u00d5petaja oma t\u00f6\u00f6 anal\u00fc\u00fcsimine ja enesearendamine<\/strong><\/p>\n<p>Pidevalt anal\u00fc\u00fcsin oma t\u00f6\u00f6d, \u00f5petamismetoodikat ning ainealast p\u00e4devust, kogun tagasisidet \u00f5ppijate \u00f5pitegevuste ning \u2013tulemuste kohta. Iga kevad toimuvad arenguvestlused \u00f5ppejuhiga, see on ka v\u00e4ga hea viis teha eneseanal\u00fc\u00fcsi? Valisin kasvataja\/\u00f5petaja ameti 14-aastasena teadliku otsusena, kui l\u00e4ksin \u00f5ppima Minski pedagoogika kutsekooli. 2 aastat t\u00f6\u00f6tasin lasteaja kasvatajana ja juba 33 aastat vene keele \u00f5petajana. See amet v\u00e4ga rahuldab mind, teen seda s\u00fcdamest ja huviga. Pidev areng \u00f5petajana on mulle v\u00e4ga t\u00e4htis. Seeparast pidevalt ennast t\u00e4iendan. Kahjuks, minu ainete metoodilised koolitused Eestis mulle ei paku v\u00e4ga palju huvi. Ma v\u00f5in ise koolitada noori \u00f5petajaid, ja seda ma teengi.<\/p>\n<p><a href=\"http:\/\/www.evastudiorum.com\/wordpress\/wp-content\/uploads\/2019\/02\/\u0427\u0438\u0442\u0430\u0435\u043c-\u0441\u043a\u0430\u0437\u043a\u0443-2.jpg\"><img loading=\"lazy\" decoding=\"async\" class=\"size-medium wp-image-1843\" src=\"http:\/\/www.evastudiorum.com\/wordpress\/wp-content\/uploads\/2019\/02\/\u0427\u0438\u0442\u0430\u0435\u043c-\u0441\u043a\u0430\u0437\u043a\u0443-2-300x225.jpg\" alt=\"\" width=\"300\" height=\"225\" srcset=\"http:\/\/evastudiorum.com\/wordpress\/wp-content\/uploads\/2019\/02\/\u0427\u0438\u0442\u0430\u0435\u043c-\u0441\u043a\u0430\u0437\u043a\u0443-2-300x225.jpg 300w, http:\/\/evastudiorum.com\/wordpress\/wp-content\/uploads\/2019\/02\/\u0427\u0438\u0442\u0430\u0435\u043c-\u0441\u043a\u0430\u0437\u043a\u0443-2-768x576.jpg 768w, http:\/\/evastudiorum.com\/wordpress\/wp-content\/uploads\/2019\/02\/\u0427\u0438\u0442\u0430\u0435\u043c-\u0441\u043a\u0430\u0437\u043a\u0443-2-1024x768.jpg 1024w, http:\/\/evastudiorum.com\/wordpress\/wp-content\/uploads\/2019\/02\/\u0427\u0438\u0442\u0430\u0435\u043c-\u0441\u043a\u0430\u0437\u043a\u0443-2-200x150.jpg 200w, http:\/\/evastudiorum.com\/wordpress\/wp-content\/uploads\/2019\/02\/\u0427\u0438\u0442\u0430\u0435\u043c-\u0441\u043a\u0430\u0437\u043a\u0443-2-150x113.jpg 150w\" sizes=\"auto, (max-width: 300px) 100vw, 300px\" \/><\/a><a href=\"http:\/\/www.evastudiorum.com\/wordpress\/wp-content\/uploads\/2019\/02\/\u0427\u0438\u0442\u0430\u0435\u043c-\u0441\u043a\u0430\u0437\u043a\u0443-1.jpg\"><img loading=\"lazy\" decoding=\"async\" class=\"size-medium wp-image-1844 alignright\" src=\"http:\/\/www.evastudiorum.com\/wordpress\/wp-content\/uploads\/2019\/02\/\u0427\u0438\u0442\u0430\u0435\u043c-\u0441\u043a\u0430\u0437\u043a\u0443-1-300x225.jpg\" alt=\"\" width=\"300\" height=\"225\" srcset=\"http:\/\/evastudiorum.com\/wordpress\/wp-content\/uploads\/2019\/02\/\u0427\u0438\u0442\u0430\u0435\u043c-\u0441\u043a\u0430\u0437\u043a\u0443-1-300x225.jpg 300w, http:\/\/evastudiorum.com\/wordpress\/wp-content\/uploads\/2019\/02\/\u0427\u0438\u0442\u0430\u0435\u043c-\u0441\u043a\u0430\u0437\u043a\u0443-1-768x576.jpg 768w, http:\/\/evastudiorum.com\/wordpress\/wp-content\/uploads\/2019\/02\/\u0427\u0438\u0442\u0430\u0435\u043c-\u0441\u043a\u0430\u0437\u043a\u0443-1-1024x768.jpg 1024w, http:\/\/evastudiorum.com\/wordpress\/wp-content\/uploads\/2019\/02\/\u0427\u0438\u0442\u0430\u0435\u043c-\u0441\u043a\u0430\u0437\u043a\u0443-1-200x150.jpg 200w, http:\/\/evastudiorum.com\/wordpress\/wp-content\/uploads\/2019\/02\/\u0427\u0438\u0442\u0430\u0435\u043c-\u0441\u043a\u0430\u0437\u043a\u0443-1-150x113.jpg 150w\" sizes=\"auto, (max-width: 300px) 100vw, 300px\" \/><\/a><\/p>\n<p>Hakkasin \u00f5ppet\u00f6\u00f6 k\u00f5rvalt tegelema kultuurilises valdkonnas &#8211; eesti, vene ja valgevene kultuuri propageerimisega Eestis, Venemaal ja Valgevenes. Uurin, loen palju kirjandust selles valdkonnas, kuna\u00a0 soovin end meisterlikule tasemele arendada. Viimati lugesin raamatu \u201eValgevene pulmad\u201c, autor I. Kruk. Sain v\u00e4ga palju valgevene rahvakombetest ja traditsioonidest teada.<\/p>\n<p>Alati arvestan ka kooli arenguvajadusi, osalen koolipoolt korraldatud koolitustel. Saan uute teadmiste rakendamisest s\u00fcgava rahulolutunde, kui saan neid kasutada oma t\u00f6\u00f6s. Ei karda \u00f5pilaste eest laulda, \u00f5petan neid deklameerida luuletusi, kuna ise oskan seda v\u00e4ga h\u00e4sti. \u00d5ues\u00f5ppetunnis m\u00e4ngin koos \u00f5pilastega. Soovin s\u00fcgavamalt m\u00f5ista muredega \u00f5pilasi, HEV-\u00f5pilasi. Selle jaoks koolitan ka sellises valdkonnas. Otsin aktiivselt selle teemalisi \u00a0vajalikke ja sobivaid koolitusi ning lugemismaterjale.<\/p>\n<p>Viimasel ajal tekkis\u00a0 soov arendada enda kunstilist poolt \u2013liitusin maaliringiga. Joonistades, tunnen suur rahuolemist ja naudin tegevust kunstnikuna.<\/p>\n<p>\u00d5petajat\u00f6\u00f6, tekkivad probleemid, \u00f5nnistused ning enesearendamise tulemused arutlen igan\u00e4dalaselt \u00f5petajate koosolekutel, vabal ajal kokkusaamisel.. \u00dcheskoos m\u00f5testame oma rolli \u00f5petajana, kujundame oma kooli p\u00f5hiv\u00e4\u00e4rtusi. Neid \u00fchiselt kujunenud v\u00e4\u00e4rtusi jagasin lapsevanematega kas koosolekutel v\u00f5i kohtumisel.. Arutlen ka \u00f5pilastega \u00f5petajaks olemise, kooli rolli ja olemuse, \u00f5pilaste ja \u00f5petajate vaheliste suhete ning kooli v\u00e4\u00e4rtuste ja kommete \u00fcle.V\u00e4ga tore, kui saad tagasisede ka kolleegidelt, \u00f5pilastelt, vanematelt. <a href=\"http:\/\/www.evastudiorum.com\/wordpress\/wp-content\/uploads\/2019\/02\/tagasiside-kolleegilt-001.jpg\">Tagasiside<\/a><\/p>\n<p><strong>\u00d5petamise ja \u00f5ppimise uurimine ning pedagoogilise teadmuse levitamine<\/strong><\/p>\n<p>Pidevalt k\u00fclastan \u00a0erinevaid\u00a0 haridusportaale, kus kajastatakse v\u00e4rskemaid pedagoogilise valdkonna uurimissuundi ja uuringutulemusi. Teen m\u00e4rkmeid, valin kirjandust, mida oma lugemisnimekirja lisada. P\u00fc\u00fcan leida aega, et tutvuda valitud kirjandusega, ja\u00a0 anal\u00fc\u00fcsin, kas ja mida saan kirjeldatud oma t\u00f6\u00f6s kasutada. Olen koolitanud ennast , kuidas juhendada \u00f5pilaste uurimis-ja loovt\u00f6\u00f6d Tabasalu \u00dchisg\u00fcmnaasiumis. Olen juhendanud 2 uurimist\u00f6\u00f6d, 1 loovt\u00f6\u00f6 ja retsenseerinud 2 t\u00f6\u00f6d. Sellest t\u00e4psemalt on kirjutatud rubriigis \u201eMina juhendajana\u201c<\/p>\n<p><strong>Oma f\u00fc\u00fcsilise, vaimse ja emotsionaalse heaolu tagamine<\/strong><\/p>\n<p>Koolis t\u00f6\u00f6tan t\u00e4iskoormusega, iga n\u00e4dalavahetus tegelen lastega Valgevene kultuuri p\u00fchap\u00e4evakoolis \u201eBusliki\u201c. Ma ei \u00fctle, et see on v\u00e4ga pingeline t\u00f6\u00f6, sest t\u00f6\u00f6 toob mulle r\u00f5\u00f5mu ja rahuldust. Aga ikka t\u00f6\u00f6 k\u00f5rvalt hoolitsen\u00a0 oma f\u00fc\u00fcsilise, vaimse ja emotsionaalse tervise eest . K\u00e4in regulaarselt ujumas, suusatamas, uisutamas\u00a0 ning liigun v\u00e4rskes \u00f5hus, j\u00e4lgin oma toitlustamist.<\/p>\n<p><a href=\"http:\/\/www.evastudiorum.com\/wordpress\/wp-content\/uploads\/2019\/02\/Minu-\u00fche-n\u00e4dala.doc\">Minu \u00fche n\u00e4dala p\u00e4evaplaan<\/a><\/p>\n<p>Tundide ettevalmistamisel p\u00f5hiliselt tegelen koolis, et \u00f5htut\u00a0 veetma aga oma perega ning tegelda lemmiku asjadega. Olen \u00f5ppinud planeerima \u00f5petaja v\u00e4simushetkedel \u00f5ppet\u00f6\u00f6sse \u00f5pilaste vaikse iseseisva t\u00f6\u00f6 \u00fclesandeid, korraldan tunnis \u00f5pilaste jaoks (ja enda jaoks) muusikapausid, kus \u00f5pilased puhkavad ja kuulavad, silmad kinni, rahulikku klassikalist muusikat. Samuti olen \u00f5ppinud looma klassis sellist vaikset ja rahulikku t\u00f6\u00f6meeleolu, milles ma ise suudan terve koolip\u00e4eva t\u00f6\u00f6tada.<\/p>\n<p>Tekkitud probleemist julgen r\u00e4\u00e4kida kolleegidega ja juhtkonnaga. Ei karda abi k\u00fcsida ja alati pakun oma abi, kui n\u00e4en, et kolleeg on h\u00e4das. Kuulan \u00e4ra kolleegide muresid, jagan nendega enda kogemusi. Tunnustan kolleege meelsasti.<\/p>\n<p>Soovin endas arendada\u00a0julgust \u00fcletada \u00f5petajate levinud probleem \u2013 julgeda haigena koju puhkama j\u00e4\u00e4da ning mitte tunda s\u00fc\u00fctunnet ning \u00fcle\u00fcldse tunda v\u00e4hem s\u00fc\u00fctunnet selles osas, et kas ma ikka annan endast piisavalt.<\/p>\n<p>&nbsp;<\/p>\n<p><strong>\u00a0<\/strong><\/p>\n<p><strong>\u00a0<\/strong><\/p>\n<p><strong>\u00a0<\/strong><\/p>\n<p>&nbsp;<\/p>","protected":false},"excerpt":{"rendered":"<p>Refleksioon ja professionaalne enesearendamine \u00a0\u00d5petaja oma t\u00f6\u00f6 anal\u00fc\u00fcsimine ja enesearendamine \u2026 <a class=\"continue-reading-link\" href=\"http:\/\/evastudiorum.com\/wordpress\/et\/refleksioon-ja-professionaalne-enesearendamine\/\">Loe edasi \/ \u0427\u0438\u0442\u0430\u0439 \u0434\u0430\u043b\u0435\u0435 <span class=\"meta-nav\">&rarr; <\/span><\/a><\/p>\n","protected":false},"author":1,"featured_media":0,"parent":0,"menu_order":0,"comment_status":"closed","ping_status":"closed","template":"","meta":{"footnotes":""},"class_list":["post-1439","page","type-page","status-publish","hentry"],"_links":{"self":[{"href":"http:\/\/evastudiorum.com\/wordpress\/et\/wp-json\/wp\/v2\/pages\/1439","targetHints":{"allow":["GET"]}}],"collection":[{"href":"http:\/\/evastudiorum.com\/wordpress\/et\/wp-json\/wp\/v2\/pages"}],"about":[{"href":"http:\/\/evastudiorum.com\/wordpress\/et\/wp-json\/wp\/v2\/types\/page"}],"author":[{"embeddable":true,"href":"http:\/\/evastudiorum.com\/wordpress\/et\/wp-json\/wp\/v2\/users\/1"}],"replies":[{"embeddable":true,"href":"http:\/\/evastudiorum.com\/wordpress\/et\/wp-json\/wp\/v2\/comments?post=1439"}],"version-history":[{"count":5,"href":"http:\/\/evastudiorum.com\/wordpress\/et\/wp-json\/wp\/v2\/pages\/1439\/revisions"}],"predecessor-version":[{"id":2125,"href":"http:\/\/evastudiorum.com\/wordpress\/et\/wp-json\/wp\/v2\/pages\/1439\/revisions\/2125"}],"wp:attachment":[{"href":"http:\/\/evastudiorum.com\/wordpress\/et\/wp-json\/wp\/v2\/media?parent=1439"}],"curies":[{"name":"wp","href":"https:\/\/api.w.org\/{rel}","templated":true}]}}