{"id":1425,"date":"2019-01-31T12:02:07","date_gmt":"2019-01-31T12:02:07","guid":{"rendered":"http:\/\/www.evastudiorum.com\/?page_id=1425"},"modified":"2019-02-14T19:36:03","modified_gmt":"2019-02-14T19:36:03","slug":"kompetentsipohine-ulevaade-minu-toost","status":"publish","type":"page","link":"http:\/\/evastudiorum.com\/wordpress\/et\/kompetentsipohine-ulevaade-minu-toost\/","title":{"rendered":"Kompetentsip\u00f5hine \u00fclevaade minu t\u00f6\u00f6st"},"content":{"rendered":"<p><strong><span style=\"color: #800080;\">Minu hariduslik kreedo<\/span><\/strong><\/p>\n<p>Vene keele \u00f5petajana t\u00f6\u00f6tan Laulasmaa Koolis<span class=\"Apple-converted-space\">\u00a0 <\/span>alates 2016\/2017 \u00f5ppeaastast, enne seda 1992\/1993 \u2013 2017\/2018 t\u00f6\u00f6tasin Tabasalu \u00dchisg\u00fcmnaasiumis ja<span class=\"Apple-converted-space\">\u00a0 <\/span>(1986 \u2013 1992) &#8211; Kolga Keskkoolis. \u00d5petajastaa\u017ei on mul alates 1986. aastast<span class=\"Apple-converted-space\">\u00a0 <\/span>33 aastat. \u00d5petasin vene keelt<span class=\"Apple-converted-space\">\u00a0 <\/span>II &#8211; IV kooliastmes (2003\/2004.-2007\/2008. \u00f5a. ka tasandus\u00f5ppe klassides). Praegu annan tunde II-III kooliastmes. Kuna minul on l\u00e4bitud koolitus<span class=\"Apple-converted-space\">\u00a0 <\/span>\u201eErivajadustega laps \u00fcldhariduskoolis\u201c<span class=\"Apple-converted-space\">\u00a0 <\/span>ja<span class=\"Apple-converted-space\">\u00a0 <\/span>on mentori tunnistus, siis olen teinud t\u00f6\u00f6d nendestki<span class=\"Apple-converted-space\">\u00a0 <\/span>valdkondades. \u00d5petasin vene keelt kolmele 8. klassi \u00f5pilasele<span class=\"Apple-converted-space\">\u00a0 <\/span>nn &#8220;v\u00e4ikeklassis&#8221; (HEV klassis). T\u00f6\u00f6tamine selles klassis on eriline v\u00e4ljakutse, sest vajab erilist tasakaalukat ja oskuslikku suhtumist. Ma tunnen, et tulin sellega toime.<\/p>\n<p>K\u00f5ik need aastad olen t\u00e4itnud ka klassijuhataja kohustusi. 2010. \u2013 2013. aastatel olin V\u00f5\u00f5rkeelte \u00f5ppetooli juhataja Tabasalu \u00dchisg\u00fcmnaasiumis.. \u00a0Suur toetus selles t\u00f6\u00f6s andis mulle koolitus \u201ePedagoogide v\u00f5rgustike juhtimine\u201c.<\/p>\n<p><span class=\"Apple-converted-space\">\u00a02010 anti auv\u00e4\u00e4rne tiitel &#8220;Harjumaa Aasta \u00f5petaja 2010&#8221;.\u00a0<\/span><a href=\"http:\/\/www.evastudiorum.com\/wordpress\/wp-content\/uploads\/2019\/02\/Taotlus-Aasta-\u00f5petaja-2010-001.jpg\">Taotlus &#8211; hinnang t\u00f6\u00f6le\u00a0<\/a><\/p>\n<p><span class=\"Apple-converted-space\"><a href=\"http:\/\/www.evastudiorum.com\/wordpress\/wp-content\/uploads\/2019\/02\/Aasta-\u00d5petaja-2010-001.jpg\"><img loading=\"lazy\" decoding=\"async\" class=\"alignleft size-medium wp-image-1528\" src=\"http:\/\/www.evastudiorum.com\/wordpress\/wp-content\/uploads\/2019\/02\/Aasta-\u00d5petaja-2010-001-219x300.jpg\" alt=\"\" width=\"219\" height=\"300\" srcset=\"http:\/\/evastudiorum.com\/wordpress\/wp-content\/uploads\/2019\/02\/Aasta-\u00d5petaja-2010-001-219x300.jpg 219w, http:\/\/evastudiorum.com\/wordpress\/wp-content\/uploads\/2019\/02\/Aasta-\u00d5petaja-2010-001-768x1054.jpg 768w, http:\/\/evastudiorum.com\/wordpress\/wp-content\/uploads\/2019\/02\/Aasta-\u00d5petaja-2010-001-746x1024.jpg 746w, http:\/\/evastudiorum.com\/wordpress\/wp-content\/uploads\/2019\/02\/Aasta-\u00d5petaja-2010-001-109x150.jpg 109w\" sizes=\"auto, (max-width: 219px) 100vw, 219px\" \/><\/a><\/span><\/p>\n<p><span class=\"Apple-converted-space\">\u00a0Olen olnud kolmel korral Pu\u0161kini preemia laureaat: <a href=\"http:\/\/www.evastudiorum.com\/wordpress\/wp-content\/uploads\/2019\/02\/Puskini-premia-2008-001.jpg\">2008<\/a>, <a href=\"http:\/\/www.evastudiorum.com\/wordpress\/wp-content\/uploads\/2019\/02\/Puskini-premia-2010-001.jpg\">2010<\/a>\u00a0 \u00a0(<a href=\"http:\/\/www.evastudiorum.com\/wordpress\/wp-content\/uploads\/2019\/02\/Pu\u0161kinPeerna.pdf\">2010 Taotlus- hinnang t\u00f6\u00f6le<\/a>) ,\u00a0<a href=\"http:\/\/www.evastudiorum.com\/wordpress\/wp-content\/uploads\/2019\/02\/Puskini-premia-2012-001.jpg\">2012<\/a>.\u00a0<\/span><\/p>\n<p>Vanem\u00f5petaja olen 2004. aastast, pedagoog-metoodik \u2013 2009. aastast.<\/p>\n<p>Minu karj\u00e4\u00e4ri jooksul \u00f5petajana on minu jaoks olnud olulisel kohal \u00f5pilastes huvi \u00e4ratamine ja selle huvi hoidmine vene keele ja kultuuri vastu. Minu jaoks on t\u00e4htis, et \u00f5pilased on nii tunnis kui kodus iseseisvalt t\u00f6\u00f6tades motiveeritud keele\u00f5ppijad, siis j\u00e4\u00e4b ka kogu omandatav materjal paremini meelde. Oma tundide ettevalmistamisel olen loominguline, arvestan \u00f5pilaste individuaalsete v\u00f5imete ja erineva \u00f5pij\u00f5udlusega ning ka sellega, et k\u00f5ik v\u00f5\u00f5rkeele\u00f5ppes olulised osaoskused (lugemine, k\u00f5nelemine, kuulamine, kirjutamine jne.) saaksid arendatud. \u00d5ppet\u00f6\u00f6s kasutan erinevaid aktiiv\u00f5ppemeetodeid ja tihti kasutan ka v\u00f5imalust oma ainetunde l\u00e4bi viia arvutiklassis v\u00f5i v\u00e4ljaspool kooli (nt. Kadrioru lossis, Peeter I Maja-muuseumis, Vene teatris).<span class=\"Apple-converted-space\">\u00a0 <\/span>Veebip\u00f5hine \u00f5ppimine v\u00f5imaldab tavap\u00e4rast \u00f5ppet\u00f6\u00f6d rikastada, pakub \u00f5pilastele vaheldust ja aitab omandatavat materjali paremini meelde j\u00e4tta. V\u00e4ga palju kasutan vene keele tundides projekt\u00f5pet, et m\u00f5ni oluline teema s\u00fcgavuti \u00f5pilasteni tuua. Projekt\u00f5pe pakub \u00f5pilastele laialdasi v\u00f5imalusi ise paljusid teemaga seonduvaid fakte uurida ja seda teistele kaas\u00f5pilastele \u00f5petada (nt. Teemad \u201eSlaaviriigid\u201c, \u201eEuroopa Liit\u201c, \u201eEesti j\u00f5gesid\u201c jne.) \u00d5petaja rolliks on suunamine ja juhendamine. Mulle meeldib \u00f5pilastega teha nii projekti- kui ka r\u00fchmat\u00f6\u00f6d, mis pakuvad v\u00f5imalusi arendada koost\u00f6\u00f6oskusi materjali \u00fchiseks omandamiseks. Mulle meeldib \u00f5petada ka<span class=\"Apple-converted-space\">\u00a0 <\/span>oma positiivse eeskuju ja kogemuste p\u00f5hjal, mida olen suutnud 33. t\u00f6\u00f6aasta jooksul koguda. \u00d5pilaste hindamisel olen objektiivne ja kasutan motiveerivat ja \u00f5ppimist toetavat hindamise printsiipi. Oma t\u00f6\u00f6s l\u00e4htun riiklikust \u00f5ppekavast. Kaasaegses \u00f5piprotsessis on t\u00e4htis, et \u00f5ppija suudaks ise planeerida oma t\u00f6\u00f6d ja aega ning end ise hinnata, samuti teha valikuid. Aine sisu tundmine on l\u00e4htekoht v\u00e4ga paljude muude oskuste ning valmiduste, ka eluhoiakute arendamiseks. Sellest l\u00e4htuvalt rakendan oma t\u00f6\u00f6 \u00fclesehitamisel j\u00e4rgmiseid p\u00f5him\u00f5tteid:<\/p>\n<ul>\n<li>luua meeldiv ja turvaline \u00f5pikeskkond;<\/li>\n<li>arvestada ealisi ise\u00e4rasusi;<\/li>\n<li>m\u00f5ista iga last eraldi;<\/li>\n<li>iga laps peab<span class=\"Apple-converted-space\">\u00a0 <\/span>t\u00f6\u00f6 k\u00e4igus \u00f5ppima iseenda eest vastutama;<\/li>\n<li>integreeritud \u00f5petus;<\/li>\n<li>\u00f5petatava seos igap\u00e4evase eluga;<\/li>\n<li>v\u00f5imalikult palju arendada lastes loovust ning esinemisoskust;<\/li>\n<li>arendada iseseisvat m\u00f5tlemist;<\/li>\n<li>oskust p\u00f5hjendada oma valikuid ja arvamust;<\/li>\n<li>infotehnoloogia kasutamise oskus;<\/li>\n<li>ajakohaste \u00f5ppemeetodite kasutamine.<\/li>\n<\/ul>\n<p>Minu t\u00f6\u00f6 eesm\u00e4rgiks on \u00e4ratada \u00f5pilastes huvi \u00f5ppimise vastu, t\u00f5sta \u00f5pimotivatsiooni, aidata kujundada \u00f5pilastel positiivseid v\u00e4\u00e4rtushinnanguid ning viia \u00f5pilased tulemuseni, et k\u00f5ik l\u00f5petaksid edukalt klassi. Oma t\u00f6\u00f6s pean oluliseks v\u00e4ga head aine tundmist, aine edastamisoskust, \u00f5petada \u00f5pilasi \u00f5ppima, \u00e4ratada huvi \u00f5pitava vastu ning siduda \u00f5petatav eluga, et omandatud teadmisi rakendada. T\u00e4htis koht minu t\u00f6\u00f6s on individuaalne tegevus \u00f5pilastega v\u00e4ljaspool \u00f5ppetundi, seda nii mahaj\u00e4\u00e4jatega konsultatsioonitundides kui ka andekate \u00f5pilastega, kes valmistuvad ol\u00fcmpiaadideks ja ainev\u00f5istlusteks, laulufestivalideks<span class=\"Apple-converted-space\">\u00a0 <\/span>ja konkurssideks.<span class=\"Apple-converted-space\">\u00a0<\/span><\/p>\n<p>Pean lugu eneset\u00e4iendamisest. Saadud oskusi ning uuenduslikke ideid rakendan aktiivselt vene keele tundides. Vene keele tunnid on integreeritud erinevate \u00f5ppeainetega \u2013 kujutava kunsti, kunsti\u00f5petuse, ajaloo, eesti keele, v\u00f5\u00f5rkeele, kirjanduse, arvuti\u00f5petusega. Alati<span class=\"Apple-converted-space\">\u00a0 <\/span>innustan teiste ainete \u00f5petajaid koost\u00f6\u00f6le. \u00d5petajana juhendan \u00f5pilasi \u00f5ppeainega tegelemisel, erinevate infomaterjalide kasutamisel ning iseseisvaks t\u00f6\u00f6ks ettevalmistamisel. Arendan \u00f5pilaste \u00f5pioskusi ja kujundan<span class=\"Apple-converted-space\">\u00a0 <\/span>individuaalseid \u00f5pistiile.<\/p>\n<p><strong><span style=\"color: #800080;\">Hinnangud minu t\u00f6\u00f6le<\/span><\/strong><\/p>\n<p>Laulasmaa Kool 2019 (<a href=\"http:\/\/www.evastudiorum.com\/wordpress\/wp-content\/uploads\/2019\/02\/leht-1-001-2.jpg\">leht 1<\/a> ja <a href=\"http:\/\/www.evastudiorum.com\/wordpress\/wp-content\/uploads\/2019\/02\/leht-2-001-2.jpg\">leht 2<\/a>)<\/p>\n<p>Integratsiooni SA (<a href=\"http:\/\/www.evastudiorum.com\/wordpress\/wp-content\/uploads\/2019\/02\/Busliki-hinnang-t\u00f6\u00f6le.doc\">leht 1<\/a>)<\/p>\n<p>Tabasalu \u00dchisg\u00fcmnaasium 2013 (<a href=\"http:\/\/www.evastudiorum.com\/wordpress\/wp-content\/uploads\/2019\/02\/leht-1-001-1.jpg\">leht 1<\/a> ja <a href=\"http:\/\/www.evastudiorum.com\/wordpress\/wp-content\/uploads\/2019\/02\/leht-2-001-1.jp\">leht 2<\/a>)<\/p>\n<p>Tabasalu \u00dchisg\u00fcmnaasium 2009 (<a href=\"http:\/\/www.evastudiorum.com\/wordpress\/wp-content\/uploads\/2019\/02\/leht-1-001.jpg\">leht 1<\/a> ja <a href=\"http:\/\/www.evastudiorum.com\/wordpress\/wp-content\/uploads\/2019\/02\/leht-2-001.jpg\">leht 2<\/a>)<\/p>\n<p>&nbsp;<\/p>\n<p>&nbsp;<\/p>","protected":false},"excerpt":{"rendered":"<p>Minu hariduslik kreedo Vene keele \u00f5petajana t\u00f6\u00f6tan Laulasmaa Koolis\u00a0 alates \u2026 <a class=\"continue-reading-link\" href=\"http:\/\/evastudiorum.com\/wordpress\/et\/kompetentsipohine-ulevaade-minu-toost\/\">Loe edasi \/ \u0427\u0438\u0442\u0430\u0439 \u0434\u0430\u043b\u0435\u0435 <span class=\"meta-nav\">&rarr; <\/span><\/a><\/p>\n","protected":false},"author":1,"featured_media":0,"parent":0,"menu_order":0,"comment_status":"closed","ping_status":"closed","template":"","meta":{"footnotes":""},"class_list":["post-1425","page","type-page","status-publish","hentry"],"_links":{"self":[{"href":"http:\/\/evastudiorum.com\/wordpress\/et\/wp-json\/wp\/v2\/pages\/1425","targetHints":{"allow":["GET"]}}],"collection":[{"href":"http:\/\/evastudiorum.com\/wordpress\/et\/wp-json\/wp\/v2\/pages"}],"about":[{"href":"http:\/\/evastudiorum.com\/wordpress\/et\/wp-json\/wp\/v2\/types\/page"}],"author":[{"embeddable":true,"href":"http:\/\/evastudiorum.com\/wordpress\/et\/wp-json\/wp\/v2\/users\/1"}],"replies":[{"embeddable":true,"href":"http:\/\/evastudiorum.com\/wordpress\/et\/wp-json\/wp\/v2\/comments?post=1425"}],"version-history":[{"count":5,"href":"http:\/\/evastudiorum.com\/wordpress\/et\/wp-json\/wp\/v2\/pages\/1425\/revisions"}],"predecessor-version":[{"id":2133,"href":"http:\/\/evastudiorum.com\/wordpress\/et\/wp-json\/wp\/v2\/pages\/1425\/revisions\/2133"}],"wp:attachment":[{"href":"http:\/\/evastudiorum.com\/wordpress\/et\/wp-json\/wp\/v2\/media?parent=1425"}],"curies":[{"name":"wp","href":"https:\/\/api.w.org\/{rel}","templated":true}]}}