{"id":1394,"date":"2019-01-31T11:00:09","date_gmt":"2019-01-31T11:00:09","guid":{"rendered":"http:\/\/www.evastudiorum.com\/?page_id=1394"},"modified":"2019-01-31T13:34:37","modified_gmt":"2019-01-31T13:34:37","slug":"niina-peerna-e-portfoolio","status":"publish","type":"page","link":"http:\/\/evastudiorum.com\/wordpress\/et\/niina-peerna-e-portfoolio\/","title":{"rendered":"Niina Peerna E-portfoolio"},"content":{"rendered":"<p><\/p>\n<h2><strong>Tere tulemast minu e-portfoolio lehek\u00fcljele!<\/strong><\/h2>\n<p>Tere, kallid s\u00f5brad!<\/p>\n<p><a href=\"http:\/\/www.evastudiorum.com\/niina-peerna-e-portfoolio\/niina-pilt\/\" rel=\"attachment wp-att-1402\"><img loading=\"lazy\" decoding=\"async\" class=\"size-medium wp-image-1402 alignright\" src=\"http:\/\/www.evastudiorum.com\/wordpress\/wp-content\/uploads\/2019\/01\/Niina-Pilt-169x300.jpg\" alt=\"\" width=\"169\" height=\"300\" srcset=\"http:\/\/evastudiorum.com\/wordpress\/wp-content\/uploads\/2019\/01\/Niina-Pilt-169x300.jpg 169w, http:\/\/evastudiorum.com\/wordpress\/wp-content\/uploads\/2019\/01\/Niina-Pilt-768x1365.jpg 768w, http:\/\/evastudiorum.com\/wordpress\/wp-content\/uploads\/2019\/01\/Niina-Pilt-576x1024.jpg 576w, http:\/\/evastudiorum.com\/wordpress\/wp-content\/uploads\/2019\/01\/Niina-Pilt-84x150.jpg 84w, http:\/\/evastudiorum.com\/wordpress\/wp-content\/uploads\/2019\/01\/Niina-Pilt.jpg 1836w\" sizes=\"auto, (max-width: 169px) 100vw, 169px\" \/><\/a>Olen\u00a0<b>Niina Peerna, <\/b>minu lapsep\u00f5lve unistus oli saada heaks \u00f5petajaks. Ja n\u00fc\u00fcd v\u00f5in \u00f6elda, et unistus on t\u00e4itunud\u00a0\u2013 terve elu olen olnud \u00f5petaja v\u00e4ikestele lastele, kooli \u00f5pilastele ja t\u00e4iskasvanutele. Minu t\u00f6\u00f6 prioriteet: <span style=\"color: #339966;\"><i>Ei ole kultuuri ilma keeleta, ei ole Kodumaad ilma kultuurita.<\/i> <\/span>Oma pedagoogilist teekonda alustasin Valgevenes lasteaia kasvatajana ja n\u00fc\u00fcd olen vene keele kui v\u00f5\u00f5rkeele \u00f5petajana t\u00f6\u00f6tanud Eesti koolis 33 aastat. Kui sa sirvid minu koostatud mappi \u201ePedagooline elutee\u201c, tutvud minu, kui \u00f5petaja- ja koolitajana ning saad aimu minu tegevustest kultuuri valdkonnas. Aga isegi siin ei pruugi sa n\u00e4ha t\u00e4ielikku \u00fclevaadet minu tegevustest. Seet\u00f5ttu oled oodatud k\u00fclastama minu kultuurilisi \u00fcritusi, osalema m\u00f5nel minu koolitusel, kus saad rohkem minust teada ning saame l\u00e4hemalt tuttavaks.<br \/>\nOlen loomult v\u00e4ga aktiivne, uudishimulik ja v\u00f5tan meelsasti vastu uusi v\u00e4ljakutseid, olen musikaalne, kunstihuviline, loov ja IKT-huviline.<span class=\"Apple-converted-space\">\u00a0<\/span><\/p>\n<p>Armastan oma t\u00f6\u00f6d, oma \u00f5pilasi ja naudin nendega koosolemist. Suur r\u00f5\u00f5m, kui n\u00e4en , et lapsed heameelega osalevad tundides ja \u00fcritustel, usaldavad ja austavad mind. Hetkel olen Laulasmaa Koolis vene keele \u00f5petaja ja Valgevene kultuuri p\u00fchap\u00e4evakooli \u201eBusliki\u201c juhtkonna liige ja \u00f5petaja.<\/p>\n<p>Ei unusta samuti oma Kodumaad \u2013 Valgevene, olen Valgevene \u00d5ppe-ja Arengukeskuse EVA-Studiorum Juhatuse esimees.<\/p>\n<p>Loodud e-portfoolio annab \u00fclevaate minu arengust \u00f5petaja, juhendaja ja koolitajana.<\/p>\n<h3><strong>Kes ma olen?<\/strong><\/h3>\n<ul>\n<li>Laulasmaa Kooli \u00f5petaja<\/li>\n<li>\u00d5petaja \u2013 metoodik<\/li>\n<li>V\u00e4hemusrahvuste Keskuse \u201eRadzima\u201c Juhatuse liige<\/li>\n<li>\u00d5ppe- ja Arengukeskuse EVA-Studiorum Juhatuse esimees<\/li>\n<li>Valgevene kultuuri p\u00fchap\u00e4evakooli \u201eBusliki\u201c \u00f5petaja ja Juhatuse liige<\/li>\n<\/ul>\n<p>&nbsp;<\/p>\n<p><strong>V\u00f5ta minuga \u00fchendust:\u00a0<\/strong><\/p>\n<p>Niina Peerna<\/p>\n<p>tel: +372 51 975079<\/p>\n<p>niina@evastudiorum.com<\/p>","protected":false},"excerpt":{"rendered":"<p>Tere tulemast minu e-portfoolio lehek\u00fcljele! Tere, kallid s\u00f5brad! Olen\u00a0Niina Peerna, \u2026 <a class=\"continue-reading-link\" href=\"http:\/\/evastudiorum.com\/wordpress\/et\/niina-peerna-e-portfoolio\/\">Loe edasi \/ \u0427\u0438\u0442\u0430\u0439 \u0434\u0430\u043b\u0435\u0435 <span class=\"meta-nav\">&rarr; <\/span><\/a><\/p>\n","protected":false},"author":1,"featured_media":0,"parent":0,"menu_order":0,"comment_status":"closed","ping_status":"closed","template":"","meta":{"footnotes":""},"class_list":["post-1394","page","type-page","status-publish","hentry"],"_links":{"self":[{"href":"http:\/\/evastudiorum.com\/wordpress\/et\/wp-json\/wp\/v2\/pages\/1394","targetHints":{"allow":["GET"]}}],"collection":[{"href":"http:\/\/evastudiorum.com\/wordpress\/et\/wp-json\/wp\/v2\/pages"}],"about":[{"href":"http:\/\/evastudiorum.com\/wordpress\/et\/wp-json\/wp\/v2\/types\/page"}],"author":[{"embeddable":true,"href":"http:\/\/evastudiorum.com\/wordpress\/et\/wp-json\/wp\/v2\/users\/1"}],"replies":[{"embeddable":true,"href":"http:\/\/evastudiorum.com\/wordpress\/et\/wp-json\/wp\/v2\/comments?post=1394"}],"version-history":[{"count":5,"href":"http:\/\/evastudiorum.com\/wordpress\/et\/wp-json\/wp\/v2\/pages\/1394\/revisions"}],"predecessor-version":[{"id":1408,"href":"http:\/\/evastudiorum.com\/wordpress\/et\/wp-json\/wp\/v2\/pages\/1394\/revisions\/1408"}],"wp:attachment":[{"href":"http:\/\/evastudiorum.com\/wordpress\/et\/wp-json\/wp\/v2\/media?parent=1394"}],"curies":[{"name":"wp","href":"https:\/\/api.w.org\/{rel}","templated":true}]}}