{"id":1200,"date":"2015-11-01T16:42:49","date_gmt":"2015-11-01T16:42:49","guid":{"rendered":"http:\/\/www.evastudiorum.com\/?page_id=1200"},"modified":"2015-11-01T16:45:20","modified_gmt":"2015-11-01T16:45:20","slug":"uritused-2014","status":"publish","type":"page","link":"http:\/\/evastudiorum.com\/wordpress\/et\/uritused\/uritused-2014\/","title":{"rendered":"\u00dcritused 2014"},"content":{"rendered":"<p><\/p>\n<table dir=\"ltr\" border=\"1\" cellspacing=\"0\" cellpadding=\"0\">\n<colgroup>\n<col width=\"104\" \/>\n<col width=\"494\" \/><\/colgroup>\n<tbody>\n<tr>\n<td data-sheets-value=\"[null,2,\"><strong>Tegevuse toimumise aeg<\/strong><\/td>\n<td data-sheets-value=\"[null,2,\"><strong>Tegevus, Tegevuse eesm\u00e4rk<\/strong><\/td>\n<\/tr>\n<tr>\n<td data-sheets-value=\"[null,2,\"><strong>Jaanuar<\/strong><\/td>\n<td><\/td>\n<\/tr>\n<tr>\n<td data-sheets-value=\"[null,3,null,41652]\" data-sheets-numberformat=\"[null,2,\">1\/13\/2014<\/td>\n<td data-sheets-value=\"[null,2,\">Vana \u2013 Uue aasta t\u00e4histamine koos \u00fchingu koosoleku l\u00e4biviimisega<\/td>\n<\/tr>\n<tr>\n<td data-sheets-value=\"[null,2,\" data-sheets-numberformat=\"[null,2,\">20 &#8211; 31.01.14<\/td>\n<td data-sheets-value=\"[null,2,\">Osalemine fotokonkursil &#8220;Minu Talver\u00f5\u00f5mud&#8221;.<\/td>\n<\/tr>\n<tr>\n<td data-sheets-value=\"[null,2,\">29.01 \u2013 2.02.14<\/td>\n<td data-sheets-value=\"[null,2,\"><a href=\"http:\/\/www.evastudiorum.com\/wordpress\/?p=737\">Osalemine Romanovite D\u00fcnastia \u2013 400 n\u00e4ituse avamisel Moskvas. Lisaks n\u00e4itusele toimusid meistriklassid. Vene kunstnike Liidu toetusel k\u00fclastasime krahv \u0160eremetjevi m\u00f5isa Kuskovos ja keraamika muuseumi. Kohtumine Eesti Suursaatkond Moskvas kultuur Ata\u0161eega.<\/a><\/td>\n<\/tr>\n<tr>\n<td data-sheets-value=\"[null,3,null,41670]\" data-sheets-numberformat=\"[null,2,\">1\/31\/2014<\/td>\n<td data-sheets-value=\"[null,2,\">Kohtumine Bura\u0161evo Keskkooli (Venemaa) koolijuhtkonna esindajatega, projekti &#8220;Meid \u00fchendab ajalugu&#8221; p\u00f5hisuundade arutelu<\/td>\n<\/tr>\n<tr>\n<td data-sheets-value=\"[null,2,\" data-sheets-numberformat=\"[null,2,\"><strong>Veebruar<\/strong><\/td>\n<td><\/td>\n<\/tr>\n<tr>\n<td data-sheets-value=\"[null,3,null,41680]\" data-sheets-numberformat=\"[null,2,\">2\/10\/2014<\/td>\n<td data-sheets-value=\"[null,2,\">\u00d5pituba &#8220;Rukkilill&#8221; &#8211; Eesti ja Valgevene rahvuslill<\/td>\n<\/tr>\n<tr>\n<td data-sheets-value=\"[null,3,null,41683]\" data-sheets-numberformat=\"[null,2,\">2\/13\/2014<\/td>\n<td data-sheets-value=\"[null,2,\"><a href=\"http:\/\/www.evastudiorum.com\/wordpress\/?p=741 \">Osalemine rahvusvahelisel laste joonistus konkursil &#8220;\u0414\u0440\u0443\u0436\u0430\u0442 \u0434\u0435\u0442\u0438 \u043d\u0430 \u043f\u043b\u0430\u043d\u0435\u0442\u0435&#8221; (Laste s\u00f5prus planeedil)<\/a><\/td>\n<\/tr>\n<tr>\n<td data-sheets-value=\"[null,2,\"><strong>M\u00e4rts<\/strong><\/td>\n<td><\/td>\n<\/tr>\n<tr>\n<td data-sheets-value=\"[null,2,\">1.03 &#8211; 25.03.14<\/td>\n<td data-sheets-value=\"[null,2,\">Osalemine Harku valla poolt korraldatud loomingu konkursil &#8220;Kui ma oleks v\u00f5lur&#8230;&#8221;<\/td>\n<\/tr>\n<tr>\n<td data-sheets-value=\"[null,2,\">1.03 &#8211; 31.03.14<\/td>\n<td data-sheets-value=\"[null,2,\">L\u00e4bir\u00e4\u00e4kimised &#8211; Kontaktide loomine Tveri-Eesti Seltsiga + ansambel \u00d5unake. Eesti kultuurip\u00e4evade korraldamise arutelu.<\/td>\n<\/tr>\n<tr>\n<td data-sheets-value=\"[null,3,null,41706]\" data-sheets-numberformat=\"[null,2,\">3\/8\/2014<\/td>\n<td data-sheets-value=\"[null,2,\">Naistep\u00e4eva t\u00e4histamine magusalt &#8211; teeme martsipani torti. \u00dchingu liikmete koosviibimine<\/td>\n<\/tr>\n<tr>\n<td data-sheets-value=\"[null,3,null,41719]\" data-sheets-numberformat=\"[null,2,\">3\/21\/2014<\/td>\n<td data-sheets-value=\"[null,2,\">\u00dclemaailmne luule p\u00e4ev &#8211; Kevad ja armastus luule konkurs<\/td>\n<\/tr>\n<tr>\n<td data-sheets-value=\"[null,3,null,41723]\" data-sheets-numberformat=\"[null,2,\">3\/25\/2014<\/td>\n<td data-sheets-value=\"[null,2,\">\u00dchingu koosolek &#8211; Konkursi kokkuv\u00f5tete tegemine. Projekti &#8220;Meid \u00fchendab ajalugu&#8221; alustamine. Arutati liikmeks astumise ankeeti ja aasta tegevuskava<\/td>\n<\/tr>\n<tr>\n<td data-sheets-value=\"[null,2,\" data-sheets-numberformat=\"[null,2,\"><strong>Aprill<\/strong><\/td>\n<td><\/td>\n<\/tr>\n<tr>\n<td data-sheets-value=\"[null,2,\" data-sheets-numberformat=\"[null,2,\">1.04 &#8211; 30.04.14<\/td>\n<td data-sheets-value=\"[null,2,\">Osalemine Rahvusvahelisel loomingulisel n\u00e4itus &#8211; konkursil \u201eLeto gospodne\u201c \u2013 vene kirjaniku M. \u0160emiljovi jutustuse p\u00f5hjal. Tutvustada noortele l\u00e4bi joonistuste kirjanikku M. \u0160emiljovi<\/td>\n<\/tr>\n<tr>\n<td data-sheets-value=\"[null,3,null,41736]\" data-sheets-numberformat=\"[null,2,\">4\/7\/2014<\/td>\n<td data-sheets-value=\"[null,2,\"><a href=\"http:\/\/www.evastudiorum.com\/wordpress\/?p=749\">Osalemine n\u00e4ituse avamisel &#8220;Kui ma oleks v\u00f5lur&#8230;&#8221;, parimate autasustamine<\/a><\/td>\n<\/tr>\n<tr>\n<td data-sheets-value=\"[null,3,null,41746]\" data-sheets-numberformat=\"[null,2,\">4\/17\/2014<\/td>\n<td data-sheets-value=\"[null,2,\">Lihav\u00f5tted &#8211; Tutvustada valgevene lihav\u00f5tte traditsioone ja tavasid, n\u00e4idata munade v\u00e4rvimise erinevaid tehnikaid<\/td>\n<\/tr>\n<tr>\n<td data-sheets-value=\"[null,3,null,41750]\" data-sheets-numberformat=\"[null,2,\">4\/21\/2014<\/td>\n<td data-sheets-value=\"[null,2,\">\u00dchingu s\u00fcnnip\u00e4ev \u201eS\u00f5brad koos\u201c. \u00dchingu s\u00fcnnip\u00e4eva t\u00e4histamine liikmete ja s\u00f5prade seltsis sportlikult.<\/td>\n<\/tr>\n<tr>\n<td data-sheets-value=\"[null,3,null,41754]\" data-sheets-numberformat=\"[null,2,\">4\/25\/2014<\/td>\n<td data-sheets-value=\"[null,2,\">Valgevene Kultuurip\u00e4ev Maardus. Ansambel &#8220;Devt\u0161ata&#8221; esinemine \u00fcritusel &#8220;Valgevene kultuuri ja rahvuslikuk\u00f6\u00f6gi v\u00e4rvid&#8221;.<\/td>\n<\/tr>\n<tr>\n<td data-sheets-value=\"[null,3,null,41757]\" data-sheets-numberformat=\"[null,2,\">4\/28\/2014<\/td>\n<td data-sheets-value=\"[null,2,\">\u00dchingu koosolek &#8211; S\u00f5it Tveri ja koost\u00f6\u00f6 lepingu allkirjastamise arutelu.<\/td>\n<\/tr>\n<tr>\n<td data-sheets-value=\"[null,2,\"><strong>Mai<\/strong><\/td>\n<td><\/td>\n<\/tr>\n<tr>\n<td data-sheets-value=\"[null,3,null,41760]\" data-sheets-numberformat=\"[null,2,\">5\/1\/2014<\/td>\n<td data-sheets-value=\"[null,2,\">Hohloma tutvustus &#8211; Tutvustada kooli noortele Hohloma ilu ja v\u00f5lu. \u00d5ppereis MT\u00dc Hohloma-sse, P\u00e4rnusse<\/td>\n<\/tr>\n<tr>\n<td data-sheets-value=\"[null,3,null,41770]\" data-sheets-numberformat=\"[null,2,\">5\/11\/2014<\/td>\n<td data-sheets-value=\"[null,2,\">Emadep\u00e4ev &#8211; \u00f5pitoa l\u00e4biviimine &#8220;Kingitus emale&#8221;<\/td>\n<\/tr>\n<tr>\n<td data-sheets-value=\"[null,2,\">14 \u2013 17.05.14<\/td>\n<td data-sheets-value=\"[null,2,\"><a href=\"http:\/\/www.evastudiorum.com\/wordpress\/?p=755\">Eesti Kultuurip\u00e4evad Tveris \u201e\u0422\u0432\u0435\u0440\u0441\u043a\u043e\u0439 \u0437\u0435\u043c\u043b\u0435 \u043e\u0442 \u044d\u0441\u0442\u043e\u043d\u0446\u0435\u0432 \u2013 \u0441 \u043b\u044e\u0431\u043e\u0432\u044c\u044e\u201c (Armastusega eestlastelt Tveri maale).<\/a> <a href=\"http:\/\/www.evastudiorum.com\/wordpress\/?p=773\">Kultuuridevahelise koost\u00f6\u00f6 lepingu allkirjastamine. Tutvustada Eesti kultuuri, traditsioone ja folkloori maailmale<\/a><\/td>\n<\/tr>\n<tr>\n<td data-sheets-value=\"[null,3,null,41779]\" data-sheets-numberformat=\"[null,2,\">5\/20\/2014<\/td>\n<td data-sheets-value=\"[null,2,\">\u00dchingu ansambli &#8220;Devt\u0161ata&#8221; osalemine slaavi kirjakeele p\u00e4eval &#8220;Kirill ja Mifodia&#8221;<\/td>\n<\/tr>\n<tr>\n<td data-sheets-value=\"[null,3,null,41784]\" data-sheets-numberformat=\"[null,2,\">5\/25\/2014<\/td>\n<td data-sheets-value=\"[null,2,\"><a href=\"http:\/\/www.evastudiorum.com\/wordpress\/?p=759\">\u00dchingu ansambli &#8220;Devt\u0161ata&#8221; osalemine Vanalinna P\u00e4evadel Bastioni aias.<\/a><\/td>\n<\/tr>\n<tr>\n<td data-sheets-value=\"[null,3,null,41790]\" data-sheets-numberformat=\"[null,2,\">5\/31\/2014<\/td>\n<td data-sheets-value=\"[null,2,\">\u00dchingu koosolek &#8211; Projekt &#8220;Tee Vabadusele&#8221; l\u00e4biviimise korralduste arutelu. Tveri s\u00f5idu kokkuv\u00f5te<\/td>\n<\/tr>\n<tr>\n<td data-sheets-value=\"[null,2,\"><strong>Juuni<\/strong><\/td>\n<td><\/td>\n<\/tr>\n<tr>\n<td data-sheets-value=\"[null,3,null,41795]\" data-sheets-numberformat=\"[null,2,\">6\/5\/2014<\/td>\n<td data-sheets-value=\"[null,2,\">Projekti &#8220;Meid \u00fchendab ajalugu&#8221; presentatsioon ajaloolisel konverentsil Tveris Venemaal<\/td>\n<\/tr>\n<tr>\n<td data-sheets-value=\"[null,3,null,41816]\" data-sheets-numberformat=\"[null,2,\">6\/26\/2014<\/td>\n<td data-sheets-value=\"[null,2,\"><a href=\"http:\/\/www.evastudiorum.com\/wordpress\/?p=778\">Osalemine Valgevene Suursaatkond Eestis ajutise asjuri h\u00e4rra Lazerko vastuv\u00f5tul Kadrioru Lossis.<\/a><\/td>\n<\/tr>\n<tr>\n<td data-sheets-value=\"[null,2,\" data-sheets-numberformat=\"[null,2,\"><strong>Juuli<\/strong><\/td>\n<td><\/td>\n<\/tr>\n<tr>\n<td data-sheets-value=\"[null,3,null,41826]\" data-sheets-numberformat=\"[null,2,\">7\/6\/2014<\/td>\n<td data-sheets-value=\"[null,2,\">Ivan Kupala &#8211; Traditsiooniline Valgevene rahvapidustuse t\u00e4histamine, tutvustades rahvale selle peo traditsioone ja tavasid.<\/td>\n<\/tr>\n<tr>\n<td data-sheets-value=\"[null,2,\">7 \u2013 9.07.14<\/td>\n<td data-sheets-value=\"[null,2,\"><a href=\"http:\/\/www.evastudiorum.com\/wordpress\/?p=803\">Projekt &#8220;Tee Vabadusele&#8221; &#8211; Integratsiooni laager eesti ja vene koolide noortele, mille eesm\u00e4rgiks on tutvustada eesti ajalugu<\/a><\/td>\n<\/tr>\n<tr>\n<td data-sheets-value=\"[null,3,null,41839]\" data-sheets-numberformat=\"[null,2,\">7\/19\/2014<\/td>\n<td data-sheets-value=\"[null,2,\"><a href=\"http:\/\/www.evastudiorum.com\/wordpress\/?p=805\">MT\u00dc EVA-Studiorumi liikmete osalemine Vana-Vigalas kokkutulekul suguv\u00f5saga, kes omavad sidemeid Nurmekundega Firovi rajoonis Tveri oblastis.<\/a><\/td>\n<\/tr>\n<tr>\n<td data-sheets-value=\"[null,2,\"><strong>August<\/strong><\/td>\n<td><\/td>\n<\/tr>\n<tr>\n<td data-sheets-value=\"[null,3,null,41853]\" data-sheets-numberformat=\"[null,2,\">8\/2\/2014<\/td>\n<td data-sheets-value=\"[null,2,\">Kohtumine Projekt &#8220;S\u00f5pruskoolid&#8221; kordinaatori grupiga Minskis Valgevenes<\/td>\n<\/tr>\n<tr>\n<td data-sheets-value=\"[null,2,\">8-10.08.2014<\/td>\n<td data-sheets-value=\"[null,2,\">Projekt \u201eTutvu P\u00f5hja \u2013 Eesti rannikuga\u201c. Traditsiooniline jalgrattamatk, kus tutvustatakse P\u00f5hja-Eesti rannikut.<\/td>\n<\/tr>\n<tr>\n<td data-sheets-value=\"[null,2,\" data-sheets-numberformat=\"[null,2,\">23.08.2014 (14.08-mee spas, 19.08-\u00f5una spas, 29.08-leiva spas)<\/td>\n<td data-sheets-value=\"[null,2,\"><a href=\"http:\/\/www.evastudiorum.com\/wordpress\/?p=805\">Tegevuse p\u00fchendamine augusti kuu spas p\u00fchadele. \u00d5pitoa l\u00e4biviimine, kus k\u00fcpsetame, meisterdame ja \u00f5pime. (Mee spas &#8211; mee koogi k\u00fcpsetamine, \u00f5una spas &#8211; \u00f5una pannkookide valmistamine, leiva spas &#8211; leiva k\u00fcpsetamine)<\/a><\/td>\n<\/tr>\n<tr>\n<td data-sheets-value=\"[null,2,\"><strong>September<\/strong><\/td>\n<td><\/td>\n<\/tr>\n<tr>\n<td data-sheets-value=\"[null,3,null,41887]\" data-sheets-numberformat=\"[null,2,\">9\/5\/2014<\/td>\n<td data-sheets-value=\"[null,2,\">\u00dchingu koosolek &#8211; Arutelul Tveri delegatsiooni vastuv\u00f5tt, K.P\u00e4tsi konverentsi korraldamine P\u00e4rnus, \u00fchingu liikmete osalemine rahvusvahelistel konverentsidel, Valgevene s\u00f5it projekti raames novembris<\/td>\n<\/tr>\n<tr>\n<td data-sheets-value=\"[null,3,null,41890]\" data-sheets-numberformat=\"[null,2,\">9\/8\/2014<\/td>\n<td data-sheets-value=\"[null,2,\">Kohtumine Eesti kunstnikutega<\/td>\n<\/tr>\n<tr>\n<td data-sheets-value=\"[null,2,\" data-sheets-numberformat=\"[null,2,\">19-22.09.14<\/td>\n<td data-sheets-value=\"[null,2,\"><a href=\"http:\/\/www.evastudiorum.com\/wordpress\/?p=838\">Tveri delegatsiooni vastuv\u00f5tt projekti raames &#8220;Meid \u00fchendab ajalugu&#8221;<\/a><\/td>\n<\/tr>\n<tr>\n<td data-sheets-value=\"[null,3,null,41904]\" data-sheets-numberformat=\"[null,2,\">9\/22\/2014<\/td>\n<td data-sheets-value=\"[null,2,\"><a href=\"http:\/\/www.evastudiorum.com\/wordpress\/?p=825\">Rahvusvahelise konverentsi korraldamine ja l\u00e4biviimine P\u00e4rnus &#8220;K.P\u00e4tsi j\u00e4lgedes&#8221;<\/a><\/td>\n<\/tr>\n<tr>\n<td data-sheets-value=\"[null,2,\" data-sheets-numberformat=\"[null,2,\"><strong>Oktoober<\/strong><\/td>\n<td><\/td>\n<\/tr>\n<tr>\n<td data-sheets-value=\"[null,3,null,41920]\" data-sheets-numberformat=\"[null,2,\">10\/8\/2014<\/td>\n<td data-sheets-value=\"[null,2,\"><a href=\"http:\/\/www.evastudiorum.com\/wordpress\/?p=840\">\u00dchingu liikmete osalemine ettekannetega rahvusvahelisel teadus &#8211; praktilisel konverentsil &#8220;\u041d\u0430\u0441\u043b\u0435\u0434\u0438\u0435 \u041e\u0442\u0435\u0447\u0435\u0441\u0442\u0432\u0435\u043d\u043d\u043e\u0439 \u043a\u0443\u043b\u044c\u0442\u0443\u0440\u044b \u0432 \u0445\u0443\u0434\u043e\u0436\u0435\u0441\u0442\u0432\u0435\u043d\u043d\u043e\u043c \u043e\u0431\u0440\u0430\u0437\u043e\u0432\u0430\u043d\u0438\u0438&#8221; Novouralski linnas, Venemaal<\/a><\/td>\n<\/tr>\n<tr>\n<td data-sheets-value=\"[null,3,null,41926]\" data-sheets-numberformat=\"[null,2,\">10\/14\/2014<\/td>\n<td data-sheets-value=\"[null,2,\">Valgevene emadep\u00e4eva t\u00e4histamine. Valmistame \u00f5pitoas kingitusi<\/td>\n<\/tr>\n<tr>\n<td data-sheets-value=\"[null,3,null,41932]\" data-sheets-numberformat=\"[null,2,\">10\/20\/2014<\/td>\n<td data-sheets-value=\"[null,2,\">\u00dcmarlaud Valgevene Suursaatkonnas Eestis.<\/td>\n<\/tr>\n<tr>\n<td data-sheets-value=\"[null,3,null,41933]\" data-sheets-numberformat=\"[null,2,\">10\/21\/2014<\/td>\n<td data-sheets-value=\"[null,2,\"><a href=\"http:\/\/www.evastudiorum.com\/wordpress\/?p=865\">\u00dchingu liige Asta Pazuhanit\u0161 osalemine pedagoogilisel konverentsil V\u00f5rus ettekandega &#8220;Integratsiooni laager &#8211; Tee Vabadusele&#8221;<\/a><\/td>\n<\/tr>\n<tr>\n<td data-sheets-value=\"[null,3,null,41933]\" data-sheets-numberformat=\"[null,2,\">10\/21\/2014<\/td>\n<td data-sheets-value=\"[null,2,\">\u00d5pituba &#8211; &#8220;Eesti rahvustoidud&#8221;<\/td>\n<\/tr>\n<tr>\n<td data-sheets-value=\"[null,3,null,41934]\" data-sheets-numberformat=\"[null,2,\">10\/22\/2014<\/td>\n<td data-sheets-value=\"[null,2,\">Osalemine Vikerraadio saate salvestusel &#8220;Kohtumised&#8221;<\/td>\n<\/tr>\n<tr>\n<td data-sheets-value=\"[null,3,null,41940]\" data-sheets-numberformat=\"[null,2,\">10\/28\/2014<\/td>\n<td data-sheets-value=\"[null,2,\">Minski delegatsiooni vastuv\u00f5tt &#8220;Eesti selts P\u00e4\u00e4suke&#8221;, kohtumise korraldamine eesti koolis &#8211; Tabasalu \u00fchisg\u00fcmnaasiumis<\/td>\n<\/tr>\n<tr>\n<td data-sheets-value=\"[null,2,\"><strong>November<\/strong><\/td>\n<td><\/td>\n<\/tr>\n<tr>\n<td data-sheets-value=\"[null,3,null,41944]\" data-sheets-numberformat=\"[null,2,\">11\/1\/2014<\/td>\n<td data-sheets-value=\"[null,2,\">Osalemine rahvusvahelisel konverentsil &#8220;\u041a \u041d\u0420\u0410\u0412\u0421\u0422\u0412\u0415\u041d\u041d\u041e\u041c\u0423 \u0421\u0422\u0410\u041d\u041e\u0412\u041b\u0415\u041d\u0418\u042e \u0427\u0415\u0420\u0415\u0417 \u041f\u041e\u0417\u041d\u0410\u041d\u0418\u0415 \u041d\u0410\u0426\u0418\u041e\u041d\u0410\u041b\u042c\u041d\u041e\u0419 \u041a\u0423\u041b\u042c\u0422\u0423\u0420\u042b&#8221; Tveris, Venemaal<\/td>\n<\/tr>\n<tr>\n<td data-sheets-value=\"[null,2,\" data-sheets-numberformat=\"[null,2,\">7-13.11.14<\/td>\n<td data-sheets-value=\"[null,2,\">Eesti delegatsiooni visiit Valgevenesse. Projekti \u201eS\u00f5pruskoolid\u201c raames k\u00fclastab Eesti delegatsioon Valgevene s\u00f5pruskooli, mille k\u00e4igus toimub tundide k\u00fclastus, \u00fchine kontsert, \u00f5pitoa &#8220;rahvuslikud s\u00fcmbolid&#8221; l\u00e4biviimine, ekskursioonid m\u00f6\u00f6da Valgevenet. Osaleme rajooni haridus- ja teaduskonverentsil \u201e2014 \u2013 god Gostepriimstva\u201c. (K\u00fclalislahkuse aasta)<\/td>\n<\/tr>\n<tr>\n<td data-sheets-value=\"[null,3,null,41959]\" data-sheets-numberformat=\"[null,2,\">11\/16\/2014<\/td>\n<td data-sheets-value=\"[null,2,\">Valgevene nuku p\u00e4ev &#8211; Loomingulise konkursi l\u00e4biviimine \u201eEesti lapsed joonistavad valgevene nukku\u201c<\/td>\n<\/tr>\n<tr>\n<td data-sheets-value=\"[null,2,\"><strong>Detsember<\/strong><\/td>\n<td><\/td>\n<\/tr>\n<tr>\n<td data-sheets-value=\"[null,3,null,41986]\" data-sheets-numberformat=\"[null,2,\">12\/13\/2014<\/td>\n<td data-sheets-value=\"[null,2,\">J\u00f5ulu\u00f5htu koos s\u00f5pradega &#8211; meenutusi l\u00e4inud aastast<\/td>\n<\/tr>\n<\/tbody>\n<\/table>\n<p><\/p>","protected":false},"excerpt":{"rendered":"<p>Tegevuse toimumise aeg Tegevus, Tegevuse eesm\u00e4rk Jaanuar 1\/13\/2014 Vana \u2013 \u2026 <a class=\"continue-reading-link\" href=\"http:\/\/evastudiorum.com\/wordpress\/et\/uritused\/uritused-2014\/\">Loe edasi \/ \u0427\u0438\u0442\u0430\u0439 \u0434\u0430\u043b\u0435\u0435 <span class=\"meta-nav\">&rarr; <\/span><\/a><\/p>\n","protected":false},"author":1,"featured_media":0,"parent":282,"menu_order":0,"comment_status":"closed","ping_status":"closed","template":"","meta":{"footnotes":""},"class_list":["post-1200","page","type-page","status-publish","hentry"],"_links":{"self":[{"href":"http:\/\/evastudiorum.com\/wordpress\/et\/wp-json\/wp\/v2\/pages\/1200","targetHints":{"allow":["GET"]}}],"collection":[{"href":"http:\/\/evastudiorum.com\/wordpress\/et\/wp-json\/wp\/v2\/pages"}],"about":[{"href":"http:\/\/evastudiorum.com\/wordpress\/et\/wp-json\/wp\/v2\/types\/page"}],"author":[{"embeddable":true,"href":"http:\/\/evastudiorum.com\/wordpress\/et\/wp-json\/wp\/v2\/users\/1"}],"replies":[{"embeddable":true,"href":"http:\/\/evastudiorum.com\/wordpress\/et\/wp-json\/wp\/v2\/comments?post=1200"}],"version-history":[{"count":3,"href":"http:\/\/evastudiorum.com\/wordpress\/et\/wp-json\/wp\/v2\/pages\/1200\/revisions"}],"predecessor-version":[{"id":1204,"href":"http:\/\/evastudiorum.com\/wordpress\/et\/wp-json\/wp\/v2\/pages\/1200\/revisions\/1204"}],"up":[{"embeddable":true,"href":"http:\/\/evastudiorum.com\/wordpress\/et\/wp-json\/wp\/v2\/pages\/282"}],"wp:attachment":[{"href":"http:\/\/evastudiorum.com\/wordpress\/et\/wp-json\/wp\/v2\/media?parent=1200"}],"curies":[{"name":"wp","href":"https:\/\/api.w.org\/{rel}","templated":true}]}}